{"id":21,"date":"2023-07-31T19:17:54","date_gmt":"2023-07-31T19:17:54","guid":{"rendered":"https:\/\/freesurvival.davidweb.pro\/terms-of-use\/"},"modified":"2023-07-31T19:17:54","modified_gmt":"2023-07-31T19:17:54","slug":"terms-of-use","status":"publish","type":"page","link":"https:\/\/freesurvival.davidweb.pro\/pt\/termos-de-uso\/","title":{"rendered":"Termos de uso"},"content":{"rendered":"<h1>Termos de uso<\/h1>\n<p>Bem-vindo ao Sobreviv\u00eancia GRATUITA! Estes termos e condi\u00e7\u00f5es descrevem as regras e regulamentos para a utiliza\u00e7\u00e3o do nosso website. Ao acessar este site, presumimos que voc\u00ea aceita estes termos e condi\u00e7\u00f5es na \u00edntegra. N\u00e3o continue a usar o site da FREE Survival se voc\u00ea n\u00e3o aceitar todos os termos e condi\u00e7\u00f5es declarados nesta p\u00e1gina.<\/p>\n<h2>Direito de propriedade intelectual<\/h2>\n<p>Al\u00e9m do conte\u00fado que voc\u00ea possui, sob estes termos, a FREE Survival e\/ou seus licenciadores possuem todos os direitos de propriedade intelectual e materiais contidos neste site. Voc\u00ea recebe uma licen\u00e7a limitada apenas para fins de visualiza\u00e7\u00e3o do material contido neste site.<\/p>\n<h2>Restri\u00e7\u00f5es<\/h2>\n<p>Voc\u00ea est\u00e1 especificamente restrito a todos os itens a seguir:<\/p>\n<ul>\n<li>Publicar qualquer material do site em qualquer outra m\u00eddia<\/li>\n<li>Venda, sublicenciamento e\/ou comercializa\u00e7\u00e3o de qualquer material do site<\/li>\n<li>Apresentar e\/ou exibir publicamente qualquer material do site<\/li>\n<li>Usar este site de qualquer forma que seja ou possa ser prejudicial a este site<\/li>\n<li>Usar este site de qualquer forma que afete o acesso do usu\u00e1rio a este site<\/li>\n<\/ul>\n<p>Certas \u00e1reas deste site podem ter seu acesso restrito, e a FREE Survival pode restringir ainda mais o acesso a quaisquer \u00e1reas deste site, a qualquer momento, a seu exclusivo crit\u00e9rio. Qualquer ID de usu\u00e1rio e senha que voc\u00ea possa ter neste site s\u00e3o confidenciais e voc\u00ea tamb\u00e9m deve manter a confidencialidade.<\/p>\n<h2>Seu conte\u00fado<\/h2>\n<p>Nestes termos de uso, \u201cSeu Conte\u00fado\u201d significa qualquer \u00e1udio, v\u00eddeo, texto, imagens ou outro material que voc\u00ea opte por exibir neste site. Ao exibir Seu Conte\u00fado, voc\u00ea concede \u00e0 FREE Survival uma licen\u00e7a n\u00e3o exclusiva, mundial, irrevog\u00e1vel, isenta de royalties e sublicenci\u00e1vel para us\u00e1-lo, reproduzi-lo, adapt\u00e1-lo, public\u00e1-lo, traduzi-lo e distribu\u00ed-lo em toda e qualquer m\u00eddia.<\/p>\n<p>Seu Conte\u00fado deve ser seu e n\u00e3o deve infringir os direitos de terceiros. A FREE Survival reserva-se o direito de remover qualquer conte\u00fado deste site a qualquer momento.<\/p>\n<h2>Sem garantias<\/h2>\n<p>Este site \u00e9 fornecido \u201ccomo est\u00e1\u201d, com todas as falhas, e a FREE Survival n\u00e3o expressa representa\u00e7\u00f5es ou garantias de qualquer tipo relacionadas a este site ou aos materiais contidos neste site. Al\u00e9m disso, nada contido neste site deve ser interpretado como um aviso.<\/p>\n<h2>Limita\u00e7\u00e3o de responsabilidade<\/h2>\n<p>Em nenhum caso a FREE Survival, nem qualquer um de seus dirigentes, diretores e funcion\u00e1rios, ser\u00e1 responsabilizado por qualquer coisa decorrente ou de alguma forma relacionada ao uso deste site. A FREE Survival, incluindo seus dirigentes, diretores e funcion\u00e1rios, n\u00e3o ser\u00e1 responsabilizada por qualquer responsabilidade indireta, consequencial ou especial decorrente ou de alguma forma relacionada ao uso deste site.<\/p>\n<h2>Indeniza\u00e7\u00e3o<\/h2>\n<p>Voc\u00ea, por meio deste, indeniza em toda a extens\u00e3o a FREE Survival de e contra todas e quaisquer responsabilidades, custos, demandas, causas de a\u00e7\u00e3o, danos e despesas decorrentes de qualquer forma relacionadas \u00e0 viola\u00e7\u00e3o de qualquer uma das disposi\u00e7\u00f5es destes termos.<\/p>\n<h2>Divisibilidade<\/h2>\n<p>Se qualquer disposi\u00e7\u00e3o destes termos for considerada inv\u00e1lida sob qualquer lei aplic\u00e1vel, tais disposi\u00e7\u00f5es ser\u00e3o exclu\u00eddas sem afetar as demais disposi\u00e7\u00f5es aqui contidas.<\/p>\n<h2>Varia\u00e7\u00e3o de termos<\/h2>\n<p>A FREE Survival tem permiss\u00e3o para revisar estes termos a qualquer momento que achar adequado e, ao usar este site, espera-se que voc\u00ea revise esses termos regularmente.<\/p>\n<h2>Atribui\u00e7\u00e3o<\/h2>\n<p>A FREE Survival est\u00e1 autorizada a ceder, transferir e subcontratar seus direitos e\/ou obriga\u00e7\u00f5es sob estes termos sem qualquer notifica\u00e7\u00e3o. No entanto, voc\u00ea n\u00e3o tem permiss\u00e3o para ceder, transferir ou subcontratar qualquer um dos seus direitos e\/ou obriga\u00e7\u00f5es sob estes termos.<\/p>\n<h2>Total acordo<\/h2>\n<p>Estes termos constituem o acordo integral entre a FREE Survival e voc\u00ea em rela\u00e7\u00e3o ao uso deste site e substituem todos os acordos e entendimentos anteriores.<\/p>\n<h2>Lei Aplic\u00e1vel e Jurisdi\u00e7\u00e3o<\/h2>\n<p>Estes termos ser\u00e3o regidos e interpretados de acordo com as leis da jurisdi\u00e7\u00e3o da localiza\u00e7\u00e3o do site, independentemente de conflitos de disposi\u00e7\u00f5es legais. Voc\u00ea se submete \u00e0 jurisdi\u00e7\u00e3o n\u00e3o exclusiva dos tribunais estaduais e federais localizados na jurisdi\u00e7\u00e3o.<\/p>\n<p>Ao utilizar nosso site, voc\u00ea concorda com nossos termos de uso e concorda em ficar vinculado a eles. Se voc\u00ea n\u00e3o concordar com nossos termos, dever\u00e1 abster-se de usar nosso site.<\/p>\n<p>Entre em contato conosco em [email protegido] se tiver alguma d\u00favida ou preocupa\u00e7\u00e3o em rela\u00e7\u00e3o a estes termos de uso.<\/p>","protected":false},"excerpt":{"rendered":"<p>Terms of Use Welcome to FREE Survival! These terms and conditions outline the rules and regulations for the use of our website. By accessing this website, we assume you accept these terms and conditions in full. Do not continue to use FREE Survival&#8217;s website if you do not accept all of the terms and conditions [&hellip;]<\/p>","protected":false},"author":1,"featured_media":0,"parent":0,"menu_order":0,"comment_status":"closed","ping_status":"closed","template":"","meta":{"footnotes":""},"class_list":["post-21","page","type-page","status-publish","hentry"],"aioseo_notices":[],"_links":{"self":[{"href":"https:\/\/freesurvival.davidweb.pro\/pt\/wp-json\/wp\/v2\/pages\/21","targetHints":{"allow":["GET"]}}],"collection":[{"href":"https:\/\/freesurvival.davidweb.pro\/pt\/wp-json\/wp\/v2\/pages"}],"about":[{"href":"https:\/\/freesurvival.davidweb.pro\/pt\/wp-json\/wp\/v2\/types\/page"}],"author":[{"embeddable":true,"href":"https:\/\/freesurvival.davidweb.pro\/pt\/wp-json\/wp\/v2\/users\/1"}],"replies":[{"embeddable":true,"href":"https:\/\/freesurvival.davidweb.pro\/pt\/wp-json\/wp\/v2\/comments?post=21"}],"version-history":[{"count":0,"href":"https:\/\/freesurvival.davidweb.pro\/pt\/wp-json\/wp\/v2\/pages\/21\/revisions"}],"wp:attachment":[{"href":"https:\/\/freesurvival.davidweb.pro\/pt\/wp-json\/wp\/v2\/media?parent=21"}],"curies":[{"name":"wp","href":"https:\/\/api.w.org\/{rel}","templated":true}]}}