{"id":18,"date":"2023-07-31T19:16:48","date_gmt":"2023-07-31T19:16:48","guid":{"rendered":"https:\/\/freesurvival.davidweb.pro\/contact-us\/"},"modified":"2023-08-30T20:07:09","modified_gmt":"2023-08-30T20:07:09","slug":"contact-us","status":"publish","type":"page","link":"https:\/\/freesurvival.davidweb.pro\/pt\/contate-nos\/","title":{"rendered":"Contate-nos"},"content":{"rendered":"<h3>Obrigado por visitar a Sobreviv\u00eancia GRATUITA!<\/h3>\n<p>Se voc\u00ea tiver alguma d\u00favida, coment\u00e1rio ou precisar de ajuda, estamos aqui para ajudar. Por favor, encontre nossas informa\u00e7\u00f5es de contato abaixo.<\/p>\n<p>Sinta-se \u00e0 vontade para entrar em contato conosco com quaisquer d\u00favidas, sugest\u00f5es ou coment\u00e1rios que voc\u00ea possa ter. Valorizamos sua opini\u00e3o e nos esfor\u00e7amos para melhorar continuamente nosso site e recursos.<\/p>\n<p>[aioseo_local_business_info]<\/p>\n<p>[aioseo_local_opening_hours]<\/p>\n<p>[aioseo_local_map]<\/p>\n<h3>Conecte-se conosco nas redes sociais<\/h3>\n<p>Fique conectado com a comunidade FREE Survival seguindo-nos em nossas plataformas de m\u00eddia social. Participe da conversa e compartilhe suas experi\u00eancias, dicas e ideias com outros sobreviventes.<\/p>\n<ul>\n<li><strong>Facebook<\/strong>: <a href=\"https:\/\/www.facebook.com\/freesurvival\/\">Sobreviv\u00eancia GRATUITA<\/a><\/li>\n<li><strong>Twitter<\/strong>: <a href=\"https:\/\/twitter.com\/freesurvival\">@freesurvival<\/a><\/li>\n<li><strong>Instagram<\/strong>: <a href=\"https:\/\/www.instagram.com\/freesurvival\/\">@freesurvival<\/a><\/li>\n<\/ul>\n<p>N\u00f3s encorajamos voc\u00ea a se envolver conosco e se tornar parte de nossa comunidade de sobreviv\u00eancia online.<\/p>\n<h3>Assine a nossa newsletter<\/h3>\n<p>Mantenha-se atualizado com as \u00faltimas dicas de sobreviv\u00eancia, guias, <a href=\"https:\/\/freesurvival.davidweb.pro\/pt\/revisao-comparativa-de-facas-jaquetas-e-ferramentas-de-sobrevivencia-para-equipamentos-ao-ar-livre\/\">revis\u00f5es de equipamentos,<\/a> e novidades subscrevendo a nossa newsletter. N\u00e3o perca informa\u00e7\u00f5es valiosas que podem ajud\u00e1-lo a se preparar melhor para qualquer situa\u00e7\u00e3o.<\/p>\n<h3>Envie suas perguntas e coment\u00e1rios<\/h3>\n<p>Se voc\u00ea tiver d\u00favidas, sugest\u00f5es ou coment\u00e1rios espec\u00edficos sobre nosso site, conte\u00fado ou servi\u00e7os, envie-nos um e-mail. Valorizamos sua opini\u00e3o e nos esfor\u00e7amos para fornecer a melhor experi\u00eancia poss\u00edvel ao usu\u00e1rio.<\/p>\n<p>Obrigado por escolher o FREE Survival como seu recurso on-line definitivo para conhecimentos e habilidades de sobreviv\u00eancia. Estamos ansiosos para ajud\u00e1-lo e fazer parte de sua jornada de sobreviv\u00eancia!<\/p>\n<h3>Navegando na natureza: seu guia de sobreviv\u00eancia para prosperar em qualquer crise<\/h3>\n<p>Num mundo em constante mudan\u00e7a e cheio de incertezas, estar preparado para qualquer crise n\u00e3o \u00e9 apenas um luxo; \u00e9 uma necessidade. Quer voc\u00ea seja um sobrevivente experiente ou algu\u00e9m que queira mergulhar no mundo da prepara\u00e7\u00e3o para a selva, FREE Survival \u00e9 o seu guia definitivo para dominar a arte de prosperar na selva. Acreditamos que abra\u00e7ar a natureza n\u00e3o significa tem\u00ea-la, mas compreend\u00ea-la, respeit\u00e1-la e, em \u00faltima an\u00e1lise, conquist\u00e1-la. Bem-vindo ao FREE Survival, seu companheiro de sobreviv\u00eancia abrangente.<\/p>\n<h3>Os fundamentos da sobreviv\u00eancia<\/h3>\n<p>Na FREE Survival, reconhecemos que a sobreviv\u00eancia n\u00e3o se trata apenas de estocar suprimentos; trata-se de adquirir compet\u00eancias essenciais que podem fazer toda a diferen\u00e7a diante das adversidades. Nossos guias cobrem uma ampla gama de habilidades de sobreviv\u00eancia, desde o b\u00e1sico de fazer uma fogueira e encontrar \u00e1gua limpa at\u00e9 t\u00e9cnicas avan\u00e7adas, como construir um abrigo no deserto. Acreditamos que o conhecimento \u00e9 o seu bem mais valioso numa crise e estamos aqui para garantir que voc\u00ea esteja bem equipado com ele.<\/p>\n<h3>Prepare-se para o sucesso<\/h3>\n<p>Equipamentos de sobreviv\u00eancia podem significar a diferen\u00e7a entre uma noite confort\u00e1vel na natureza e uma experi\u00eancia cansativa e desconfort\u00e1vel. Compreendemos a import\u00e2ncia de ter as ferramentas certas \u00e0 sua disposi\u00e7\u00e3o. Nossas an\u00e1lises e recomenda\u00e7\u00f5es aprofundadas sobre equipamentos ajudam voc\u00ea a fazer escolhas informadas quando se trata de selecionar o melhor equipamento de sobreviv\u00eancia, seja uma faca resistente, um filtro de \u00e1gua confi\u00e1vel ou uma mochila resistente. Testamos e examinamos equipamentos para que voc\u00ea n\u00e3o precise adivinhar o que funciona melhor em uma crise.<\/p>\n<h3>Liberte o seu sobrevivente interior<\/h3>\n<p>O sobreviv\u00eancia n\u00e3o \u00e9 apenas um hobby; \u00e9 uma mentalidade. Trata-se de desenvolver um agu\u00e7ado sentido de consci\u00eancia e adaptabilidade, caracter\u00edsticas que s\u00e3o \u00fateis n\u00e3o s\u00f3 na natureza, mas tamb\u00e9m na vida quotidiana. FREE Survival tem como objetivo ajud\u00e1-lo a explorar seu sobrevivente interior, fornecendo insights sobre a psicologia da sobreviv\u00eancia. Aprenda como manter a calma sob press\u00e3o, tomar decis\u00f5es r\u00e1pidas e se adaptar \u00e0s novas circunst\u00e2ncias. Essas habilidades n\u00e3o s\u00e3o \u00fateis apenas na natureza; s\u00e3o habilidades para a vida que podem capacit\u00e1-lo em qualquer situa\u00e7\u00e3o.<\/p>\n<h3>Prepara\u00e7\u00e3o para todos<\/h3>\n<p>Na FREE Survival, acreditamos que a prepara\u00e7\u00e3o deve ser acess\u00edvel a todos, independentemente da sua forma\u00e7\u00e3o ou experi\u00eancia. Nossos guias atendem tanto a iniciantes quanto a sobreviventes experientes, oferecendo uma progress\u00e3o gradual de conhecimentos e habilidades. Quer voc\u00ea seja um morador da cidade procurando desenvolver habilidades de sobreviv\u00eancia urbana ou um entusiasta de atividades ao ar livre se preparando para uma aventura no interior, nossos recursos s\u00e3o adaptados \u00e0s suas necessidades.<\/p>\n<h3>Prosperando, n\u00e3o apenas sobrevivendo<\/h3>\n<p>Sobreviver a uma crise \u00e9 uma coisa, mas prosperar \u00e9 outra. Nossos guias v\u00e3o al\u00e9m dos fundamentos da sobreviv\u00eancia para ajud\u00e1-lo n\u00e3o apenas a resistir, mas tamb\u00e9m a prosperar em situa\u00e7\u00f5es desafiadoras. Aprenda como procurar comida, rastrear a vida selvagem e navegar sem a ajuda de GPS. Descubra a satisfa\u00e7\u00e3o da autossufici\u00eancia ao dominar a arte da culin\u00e1ria e do artesanato na natureza. FREE Survival \u00e9 o seu passaporte para um mundo onde a adversidade se torna uma oportunidade de crescimento.<\/p>\n<h3>Junte-se \u00e0 comunidade de sobreviv\u00eancia GRATUITA<\/h3>\n<p>O Survivalismo \u00e9 uma jornada que \u00e9 melhor empreendida com outras pessoas que compartilham sua paix\u00e3o. FREE Survival oferece uma comunidade vibrante onde voc\u00ea pode se conectar com outros sobreviventes, compartilhar experi\u00eancias e buscar conselhos. Participe de discuss\u00f5es, participe de desafios e construa relacionamentos com pessoas que pensam como voc\u00ea e que entendem a import\u00e2ncia de estar preparado.<\/p>\n<p>Em um mundo cheio de incertezas, o FREE Survival \u00e9 seu companheiro constante no caminho da autossufici\u00eancia e da prepara\u00e7\u00e3o. Abrace a natureza com confian\u00e7a, munido de conhecimento, habilidades e o equipamento certo. Prosperar em qualquer crise n\u00e3o \u00e9 apenas uma possibilidade; \u00e9 um modo de vida que voc\u00ea pode alcan\u00e7ar com a orienta\u00e7\u00e3o e o apoio da FREE Survival. Liberte seu sobrevivente interior hoje e embarque em uma jornada que o transformar\u00e1 em um indiv\u00edduo resiliente, engenhoso e autoconfiante, pronto para vencer qualquer desafio que surgir em seu caminho.<\/p>","protected":false},"excerpt":{"rendered":"<p>Thank you for visiting FREE Survival! If you have any questions, comments, or need assistance, we are here to help. Please find our contact information below. Feel free to reach out to us with any inquiries, suggestions, or feedback you may have. We value your input and strive to continuously improve our website and resources. [&hellip;]<\/p>","protected":false},"author":1,"featured_media":0,"parent":0,"menu_order":0,"comment_status":"closed","ping_status":"closed","template":"","meta":{"footnotes":""},"class_list":["post-18","page","type-page","status-publish","hentry"],"aioseo_notices":[],"_links":{"self":[{"href":"https:\/\/freesurvival.davidweb.pro\/pt\/wp-json\/wp\/v2\/pages\/18","targetHints":{"allow":["GET"]}}],"collection":[{"href":"https:\/\/freesurvival.davidweb.pro\/pt\/wp-json\/wp\/v2\/pages"}],"about":[{"href":"https:\/\/freesurvival.davidweb.pro\/pt\/wp-json\/wp\/v2\/types\/page"}],"author":[{"embeddable":true,"href":"https:\/\/freesurvival.davidweb.pro\/pt\/wp-json\/wp\/v2\/users\/1"}],"replies":[{"embeddable":true,"href":"https:\/\/freesurvival.davidweb.pro\/pt\/wp-json\/wp\/v2\/comments?post=18"}],"version-history":[{"count":6,"href":"https:\/\/freesurvival.davidweb.pro\/pt\/wp-json\/wp\/v2\/pages\/18\/revisions"}],"predecessor-version":[{"id":940,"href":"https:\/\/freesurvival.davidweb.pro\/pt\/wp-json\/wp\/v2\/pages\/18\/revisions\/940"}],"wp:attachment":[{"href":"https:\/\/freesurvival.davidweb.pro\/pt\/wp-json\/wp\/v2\/media?parent=18"}],"curies":[{"name":"wp","href":"https:\/\/api.w.org\/{rel}","templated":true}]}}