{"id":18,"date":"2023-07-31T19:16:48","date_gmt":"2023-07-31T19:16:48","guid":{"rendered":"https:\/\/freesurvival.davidweb.pro\/contact-us\/"},"modified":"2023-08-30T20:07:09","modified_gmt":"2023-08-30T20:07:09","slug":"contact-us","status":"publish","type":"page","link":"https:\/\/freesurvival.davidweb.pro\/it\/contattaci\/","title":{"rendered":"Contattaci"},"content":{"rendered":"<h3>Grazie per aver visitato Sopravvivenza GRATUITA!<\/h3>\n<p>Se hai domande, commenti o hai bisogno di assistenza, siamo qui per aiutarti. Di seguito trovi le nostre informazioni di contatto.<\/p>\n<p>Sentiti libero di contattarci per qualsiasi domanda, suggerimento o feedback che potresti avere. Apprezziamo il tuo contributo e ci impegniamo a migliorare continuamente il nostro sito Web e le nostre risorse.<\/p>\n<p>[aioseo_local_business_info]<\/p>\n<p>[aioseo_local_opening_hours]<\/p>\n<p>[aioseo_local_map]<\/p>\n<h3>Connettiti con noi sui social media<\/h3>\n<p>Rimani connesso con la comunit\u00e0 di sopravvivenza GRATUITA seguendoci sulle nostre piattaforme di social media. Unisciti alla conversazione e condividi le tue esperienze, suggerimenti e idee con altri sopravvissuti.<\/p>\n<ul>\n<li><strong>Facebook<\/strong>: <a href=\"https:\/\/www.facebook.com\/freesurvival\/\">Sopravvivenza GRATUITA<\/a><\/li>\n<li><strong>Twitter<\/strong>: <a href=\"https:\/\/twitter.com\/freesurvival\">@freesurvival<\/a><\/li>\n<li><strong>Instagram<\/strong>: <a href=\"https:\/\/www.instagram.com\/freesurvival\/\">@freesurvival<\/a><\/li>\n<\/ul>\n<p>Ti invitiamo a interagire con noi e a diventare parte della nostra comunit\u00e0 di sopravvissuti online.<\/p>\n<h3>Iscriviti alla nostra newsletter<\/h3>\n<p>Rimani aggiornato con gli ultimi suggerimenti, guide, <a href=\"https:\/\/freesurvival.davidweb.pro\/it\/recensione-comparativa-di-attrezzatura-outdoor-coltelli-giacche-e-strumenti-di-sopravvivenza\/\">recensioni di attrezzi,<\/a> e novit\u00e0 iscrivendoti alla nostra newsletter. Non perdere informazioni preziose che possono aiutarti a prepararti meglio per ogni situazione.<\/p>\n<h3>Invia le tue domande e feedback<\/h3>\n<p>Se hai domande, suggerimenti o feedback specifici riguardanti il nostro sito Web, i contenuti o i servizi, inviaci un&#039;e-mail. Apprezziamo il tuo contributo e ci impegniamo a fornire la migliore esperienza utente possibile.<\/p>\n<p>Grazie per aver scelto Survival GRATUITO come risorsa online definitiva per le conoscenze e le abilit\u00e0 dei survivalisti. Non vediamo l&#039;ora di aiutarti e di far parte del tuo viaggio di sopravvivenza!<\/p>\n<h3>Navigare nella natura selvaggia: la tua guida di sopravvivenza per prosperare in qualsiasi crisi<\/h3>\n<p>In un mondo in continua evoluzione e pieno di incertezze, essere preparati a qualsiasi crisi non \u00e8 solo un lusso; \u00e8 una necessit\u00e0. Che tu sia un esperto sopravvissuto o qualcuno che cerca di immergersi nel mondo della natura selvaggia, Sopravvivenza GRATUITA \u00e8 la tua guida definitiva per padroneggiare l&#039;arte di prosperare nella natura selvaggia. Crediamo che abbracciare la natura selvaggia non significhi temerla, ma comprenderla, rispettarla e, infine, conquistarla. Benvenuto in FREE Survival, il tuo compagno di sopravvivenza completo.<\/p>\n<h3>Gli elementi essenziali della sopravvivenza<\/h3>\n<p>Noi di FREE Survival riconosciamo che sopravvivere non significa semplicemente accumulare scorte; si tratta di acquisire competenze essenziali che possono fare la differenza di fronte alle avversit\u00e0. Le nostre guide coprono una vasta gamma di abilit\u00e0 di sopravvivenza, dalle nozioni di base per accendere un fuoco e trovare acqua pulita fino a tecniche avanzate come la costruzione di un rifugio nella natura selvaggia. Crediamo che la conoscenza sia la risorsa pi\u00f9 preziosa in una crisi e siamo qui per assicurarci che tu sia ben attrezzato per sfruttarla.<\/p>\n<h3>Preparati per il successo<\/h3>\n<p>L\u2019equipaggiamento di sopravvivenza pu\u00f2 fare la differenza tra una notte confortevole nella natura selvaggia e un\u2019esperienza estenuante e scomoda. Comprendiamo l&#039;importanza di avere gli strumenti giusti a tua disposizione. Le nostre recensioni e raccomandazioni approfondite sull&#039;attrezzatura ti aiutano a fare scelte informate quando si tratta di selezionare la migliore attrezzatura di sopravvivenza, che si tratti di un coltello robusto, di un filtro per l&#039;acqua affidabile o di uno zaino robusto. Testiamo ed esaminiamo attentamente le attrezzature, quindi non devi indovinare cosa funziona meglio in una crisi.<\/p>\n<h3>Scatena il tuo sopravvissuto interiore<\/h3>\n<p>Il survivalismo non \u00e8 solo un hobby; \u00e8 una mentalit\u00e0. Si tratta di sviluppare uno spiccato senso di consapevolezza e adattabilit\u00e0, caratteristiche utili non solo in natura ma anche nella vita di tutti i giorni. FREE Survival mira ad aiutarti a attingere al tuo sopravvissuto interiore fornendo approfondimenti sulla psicologia della sopravvivenza. Impara come mantenere la calma sotto pressione, prendere decisioni rapide e adattarti alle mutevoli circostanze. Queste abilit\u00e0 non sono utili solo nella natura selvaggia; sono abilit\u00e0 di vita che possono darti potere in ogni situazione.<\/p>\n<h3>Preparazione per tutti<\/h3>\n<p>Noi di FREE Survival crediamo che la preparazione debba essere accessibile a tutti, indipendentemente dal loro background o esperienza. Le nostre guide si rivolgono sia ai principianti che ai survivalisti esperti, offrendo una progressione graduale di conoscenze e abilit\u00e0. Che tu sia un abitante di citt\u00e0 che desidera sviluppare abilit\u00e0 di sopravvivenza urbana o un appassionato di outdoor che si prepara per un&#039;avventura in backcountry, le nostre risorse sono adattate alle tue esigenze.<\/p>\n<h3>Prosperare, non solo sopravvivere<\/h3>\n<p>Sopravvivere in una crisi \u00e8 una cosa, ma prosperare \u00e8 un\u2019altra. Le nostre guide vanno oltre le nozioni di base della sopravvivenza per aiutarti non solo a resistere ma anche a prosperare in situazioni difficili. Impara come cercare cibo, tenere traccia della fauna selvatica e navigare senza l&#039;ausilio del GPS. Scopri la soddisfazione dell&#039;autosufficienza mentre padroneggi l&#039;arte della cucina e dell&#039;artigianato nella natura selvaggia. FREE Survival \u00e8 il tuo passaporto per un mondo in cui le avversit\u00e0 diventano un&#039;opportunit\u00e0 di crescita.<\/p>\n<h3>Unisciti alla comunit\u00e0 di sopravvivenza GRATUITA<\/h3>\n<p>Il sopravvivenza \u00e8 un viaggio che \u00e8 meglio intraprendere con altri che condividono la tua passione. FREE Survival offre una vivace comunit\u00e0 in cui puoi entrare in contatto con altri sopravvissuti, condividere esperienze e chiedere consigli. Partecipa a discussioni, partecipa a sfide e costruisci relazioni con persone che la pensano allo stesso modo e che comprendono l&#039;importanza di essere preparati.<\/p>\n<p>In un mondo pieno di incertezze, Sopravvivenza GRATUITA \u00e8 il tuo fedele compagno nel percorso verso l&#039;autosufficienza e la preparazione. Abbraccia la natura selvaggia con sicurezza, armato di conoscenze, abilit\u00e0 e dell&#039;attrezzatura giusta. Prosperare in qualsiasi crisi non \u00e8 solo una possibilit\u00e0; \u00e8 uno stile di vita che puoi raggiungere con la guida e il supporto di FREE Survival. Scatena il tuo sopravvissuto interiore oggi e intraprendi un viaggio che ti trasformer\u00e0 in un individuo resiliente, pieno di risorse e sicuro di s\u00e9, pronto a vincere qualsiasi sfida che ti si presenta.<\/p>","protected":false},"excerpt":{"rendered":"<p>Thank you for visiting FREE Survival! If you have any questions, comments, or need assistance, we are here to help. Please find our contact information below. Feel free to reach out to us with any inquiries, suggestions, or feedback you may have. We value your input and strive to continuously improve our website and resources. [&hellip;]<\/p>","protected":false},"author":1,"featured_media":0,"parent":0,"menu_order":0,"comment_status":"closed","ping_status":"closed","template":"","meta":{"footnotes":""},"class_list":["post-18","page","type-page","status-publish","hentry"],"aioseo_notices":[],"_links":{"self":[{"href":"https:\/\/freesurvival.davidweb.pro\/it\/wp-json\/wp\/v2\/pages\/18","targetHints":{"allow":["GET"]}}],"collection":[{"href":"https:\/\/freesurvival.davidweb.pro\/it\/wp-json\/wp\/v2\/pages"}],"about":[{"href":"https:\/\/freesurvival.davidweb.pro\/it\/wp-json\/wp\/v2\/types\/page"}],"author":[{"embeddable":true,"href":"https:\/\/freesurvival.davidweb.pro\/it\/wp-json\/wp\/v2\/users\/1"}],"replies":[{"embeddable":true,"href":"https:\/\/freesurvival.davidweb.pro\/it\/wp-json\/wp\/v2\/comments?post=18"}],"version-history":[{"count":6,"href":"https:\/\/freesurvival.davidweb.pro\/it\/wp-json\/wp\/v2\/pages\/18\/revisions"}],"predecessor-version":[{"id":940,"href":"https:\/\/freesurvival.davidweb.pro\/it\/wp-json\/wp\/v2\/pages\/18\/revisions\/940"}],"wp:attachment":[{"href":"https:\/\/freesurvival.davidweb.pro\/it\/wp-json\/wp\/v2\/media?parent=18"}],"curies":[{"name":"wp","href":"https:\/\/api.w.org\/{rel}","templated":true}]}}