{"id":17,"date":"2023-07-31T19:16:33","date_gmt":"2023-07-31T19:16:33","guid":{"rendered":"https:\/\/freesurvival.davidweb.pro\/about-us\/"},"modified":"2023-08-28T18:56:17","modified_gmt":"2023-08-28T18:56:17","slug":"about-us","status":"publish","type":"page","link":"https:\/\/freesurvival.davidweb.pro\/it\/chi-siamo\/","title":{"rendered":"Chi siamo"},"content":{"rendered":"<h1>Chi siamo: Sopravvivenza GRATUITA<\/h1>\n<h2>Abbraccia la natura selvaggia, prospera in ogni crisi: Sopravvivenza GRATUITA: la tua guida di sopravvivenza definitiva!<\/h2>\n<p>Benvenuto a <strong>Sopravvivenza GRATUITA<\/strong>, la tua risorsa online definitiva per tutto ci\u00f2 che riguarda lo stile di vita survivalista! Che tu sia un esperto sopravvissuto o che tu abbia appena iniziato il tuo viaggio nel mondo dell&#039;autosufficienza, il nostro sito web \u00e8 qui per fornirti una vasta gamma di informazioni, suggerimenti e guide per aiutarti a prosperare in qualsiasi situazione.<\/p>\n<p>A <strong>Sopravvivenza GRATUITA<\/strong>, comprendiamo l&#039;importanza di essere preparati agli imprevisti. Il nostro team di esperti di sopravvivenza, appassionati di outdoor ed esperti in vari campi si \u00e8 riunito per condividere le loro conoscenze ed esperienze. Dalle abilit\u00e0 di sopravvivenza nella natura selvaggia alla preparazione urbana, ti copriamo noi.<\/p>\n<h3>Cosa troverai sul nostro sito web<\/h3>\n<p><strong>Guide di sopravvivenza<\/strong>:<br \/>\nLe nostre guide complete sulla sopravvivenza coprono una vasta gamma di argomenti, dalla costruzione di rifugi, alla ricerca di fonti d&#039;acqua e all&#039;accensione di incendi nella natura selvaggia, alle tattiche di sopravvivenza urbana per le emergenze negli ambienti urbani.<\/p>\n<p><strong>Recensioni di attrezzi<\/strong>:<br \/>\nScegliere il giusto <a href=\"https:\/\/freesurvival.davidweb.pro\/it\/recensione-comparativa-di-attrezzatura-outdoor-coltelli-giacche-e-strumenti-di-sopravvivenza\/\">l&#039;equipaggiamento pu\u00f2 fare una differenza significativa nella sopravvivenza<\/a> situazione. Forniamo imparziali <a href=\"https:\/\/freesurvival.davidweb.pro\/it\/7-kit-di-sopravvivenza-di-emergenza-una-recensione-comparativa\/\">revisioni e raccomandazioni per la sopravvivenza essenziale<\/a> strumenti, attrezzature e gadget per aiutarti a prendere decisioni informate.<\/p>\n<p><strong>Cibo e foraggiamento<\/strong>:<br \/>\nImpara come cercare piante commestibili, cacciare, pescare e conservare il cibo per una sostenibilit\u00e0 a lungo termine.<\/p>\n<p><strong>Autodifesa e sicurezza<\/strong>:<br \/>\nEsplora tecniche e strategie di autodifesa per proteggere te stesso e i tuoi cari in situazioni difficili.<\/p>\n<p><strong>Comunit\u00e0 e reti<\/strong>:<br \/>\nConnettiti con persone che la pensano allo stesso modo nei nostri forum e piattaforme di social media per scambiare idee, esperienze e suggerimenti.<\/p>\n<p><strong>Preparazione alle emergenze<\/strong>:<br \/>\nRimani aggiornato sulle ultime notizie, sui disastri naturali e sulle potenziali minacce e scopri come prepararti e rispondere in modo efficace.<\/p>\n<p><strong>Progetti fai da te<\/strong>:<br \/>\nImpegnati in vari progetti fai-da-te, come costruire kit di sopravvivenza, creare <a href=\"https:\/\/freesurvival.davidweb.pro\/it\/confronto-dei-sistemi-di-filtrazione-dellacqua-superiori-una-recensione-completa\/\">sistemi di filtrazione dell&#039;acqua,<\/a> e costruendo un rifugio.<\/p>\n<h3>La nostra missione: darti il potere di affrontare le avversit\u00e0<\/h3>\n<p>La nostra missione a <strong>Sopravvivenza GRATUITA<\/strong> \u00e8 fornirti le conoscenze e le competenze necessarie per affrontare le avversit\u00e0 con fiducia. Ricorda, la sopravvivenza \u00e8 qualcosa di pi\u00f9 della semplice preparazione fisica; riguarda anche la forza mentale e l&#039;adattabilit\u00e0.<\/p>\n<p>Unisciti a noi in questo viaggio per abbracciare lo stile di vita survivalista ed essere pronto a tutto ci\u00f2 che la vita ti riserva. Preparati, adattati e sopravvivi <strong>Sopravvivenza GRATUITA<\/strong>!<\/p>","protected":false},"excerpt":{"rendered":"<p>About Us: FREE Survival Embrace the Wild, Thrive in Any Crisis: FREE Survival &#8211; Your Ultimate Survivalist Guide! Welcome to FREE Survival, your ultimate online resource for everything related to the survivalist lifestyle! Whether you&#8217;re a seasoned survivalist or just starting your journey into the world of self-reliance, our website is here to provide you [&hellip;]<\/p>","protected":false},"author":1,"featured_media":0,"parent":0,"menu_order":0,"comment_status":"closed","ping_status":"closed","template":"","meta":{"footnotes":""},"class_list":["post-17","page","type-page","status-publish","hentry"],"aioseo_notices":[],"_links":{"self":[{"href":"https:\/\/freesurvival.davidweb.pro\/it\/wp-json\/wp\/v2\/pages\/17","targetHints":{"allow":["GET"]}}],"collection":[{"href":"https:\/\/freesurvival.davidweb.pro\/it\/wp-json\/wp\/v2\/pages"}],"about":[{"href":"https:\/\/freesurvival.davidweb.pro\/it\/wp-json\/wp\/v2\/types\/page"}],"author":[{"embeddable":true,"href":"https:\/\/freesurvival.davidweb.pro\/it\/wp-json\/wp\/v2\/users\/1"}],"replies":[{"embeddable":true,"href":"https:\/\/freesurvival.davidweb.pro\/it\/wp-json\/wp\/v2\/comments?post=17"}],"version-history":[{"count":3,"href":"https:\/\/freesurvival.davidweb.pro\/it\/wp-json\/wp\/v2\/pages\/17\/revisions"}],"predecessor-version":[{"id":869,"href":"https:\/\/freesurvival.davidweb.pro\/it\/wp-json\/wp\/v2\/pages\/17\/revisions\/869"}],"wp:attachment":[{"href":"https:\/\/freesurvival.davidweb.pro\/it\/wp-json\/wp\/v2\/media?parent=17"}],"curies":[{"name":"wp","href":"https:\/\/api.w.org\/{rel}","templated":true}]}}