{"id":21,"date":"2023-07-31T19:17:54","date_gmt":"2023-07-31T19:17:54","guid":{"rendered":"https:\/\/freesurvival.davidweb.pro\/terms-of-use\/"},"modified":"2023-07-31T19:17:54","modified_gmt":"2023-07-31T19:17:54","slug":"terms-of-use","status":"publish","type":"page","link":"https:\/\/freesurvival.davidweb.pro\/fr\/conditions-dutilisation\/","title":{"rendered":"Conditions d&#039;utilisation"},"content":{"rendered":"<h1>Conditions d&#039;utilisation<\/h1>\n<p>Bienvenue dans Survival GRATUIT\u00a0! Ces termes et conditions d\u00e9crivent les r\u00e8gles et r\u00e9glementations relatives \u00e0 l\u2019utilisation de notre site Web. En acc\u00e9dant \u00e0 ce site Web, nous supposons que vous acceptez ces termes et conditions dans leur int\u00e9gralit\u00e9. Ne continuez pas \u00e0 utiliser le site Web de FREE Survival si vous n&#039;acceptez pas tous les termes et conditions \u00e9nonc\u00e9s sur cette page.<\/p>\n<h2>Droits de propri\u00e9t\u00e9 intellectuelle<\/h2>\n<p>Outre le contenu que vous poss\u00e9dez, selon ces conditions, FREE Survival et\/ou ses conc\u00e9dants de licence poss\u00e8dent tous les droits de propri\u00e9t\u00e9 intellectuelle et le mat\u00e9riel contenu dans ce site Web. Vous disposez d&#039;une licence limit\u00e9e uniquement pour visualiser le mat\u00e9riel contenu sur ce site Web.<\/p>\n<h2>Restrictions<\/h2>\n<p>Vous \u00eates sp\u00e9cifiquement limit\u00e9 \u00e0 tous les \u00e9l\u00e9ments suivants\u00a0:<\/p>\n<ul>\n<li>Publication de tout contenu de site Web sur tout autre m\u00e9dia<\/li>\n<li>Vendre, accorder des sous-licences et\/ou commercialiser de toute autre mani\u00e8re tout \u00e9l\u00e9ment du site Web<\/li>\n<li>Ex\u00e9cuter publiquement et\/ou montrer tout contenu de site Web<\/li>\n<li>Utiliser ce site Web d&#039;une mani\u00e8re qui est ou pourrait \u00eatre pr\u00e9judiciable \u00e0 ce site Web<\/li>\n<li>Utiliser ce site Web d&#039;une mani\u00e8re qui a un impact sur l&#039;acc\u00e8s des utilisateurs \u00e0 ce site Web<\/li>\n<\/ul>\n<p>Vous pouvez restreindre l&#039;acc\u00e8s \u00e0 certaines zones de ce site Web, et FREE Survival peut restreindre davantage l&#039;acc\u00e8s \u00e0 toutes les zones de ce site Web, \u00e0 tout moment, \u00e0 sa seule discr\u00e9tion. Tout identifiant d&#039;utilisateur et mot de passe que vous pourriez avoir pour ce site Web sont confidentiels et vous devez \u00e9galement maintenir la confidentialit\u00e9.<\/p>\n<h2>Votre contenu<\/h2>\n<p>Dans ces conditions d&#039;utilisation, \u00ab\u00a0Votre contenu\u00a0\u00bb d\u00e9signe tout audio, vid\u00e9o, texte, image ou autre mat\u00e9riel que vous choisissez d&#039;afficher sur ce site Web. En affichant votre contenu, vous accordez \u00e0 FREE Survival une licence non exclusive, mondiale, irr\u00e9vocable, libre de droits et pouvant faire l&#039;objet d&#039;une sous-licence pour l&#039;utiliser, le reproduire, l&#039;adapter, le publier, le traduire et le distribuer sur tous les supports.<\/p>\n<p>Votre Contenu doit \u00eatre le v\u00f4tre et ne doit pas porter atteinte aux droits d&#039;un tiers. FREE Survival se r\u00e9serve le droit de supprimer tout contenu de ce site Web \u00e0 tout moment.<\/p>\n<h2>Aucune garantie<\/h2>\n<p>Ce site Web est fourni \u00ab tel quel \u00bb, avec tous les d\u00e9fauts, et FREE Survival n&#039;exprime aucune repr\u00e9sentation ou garantie, de quelque nature que ce soit, li\u00e9e \u00e0 ce site Web ou aux \u00e9l\u00e9ments contenus sur ce site Web. De plus, rien de ce qui est contenu sur ce site Web ne doit \u00eatre interpr\u00e9t\u00e9 comme vous informant.<\/p>\n<h2>Limitation de responsabilit\u00e9<\/h2>\n<p>En aucun cas FREE Survival, ni aucun de ses dirigeants, administrateurs et employ\u00e9s, ne pourra \u00eatre tenu responsable de tout ce qui d\u00e9coule de ou est li\u00e9 de quelque mani\u00e8re que ce soit \u00e0 votre utilisation de ce site Web. FREE Survival, y compris ses dirigeants, administrateurs et employ\u00e9s, ne pourra \u00eatre tenu responsable de toute responsabilit\u00e9 indirecte, cons\u00e9cutive ou sp\u00e9ciale d\u00e9coulant de ou li\u00e9e de quelque mani\u00e8re que ce soit \u00e0 votre utilisation de ce site Web.<\/p>\n<h2>Indemnit\u00e9<\/h2>\n<p>Par la pr\u00e9sente, vous indemnisez dans toute la mesure FREE Survival de et contre toutes les responsabilit\u00e9s, co\u00fbts, demandes, causes d&#039;action, dommages et d\u00e9penses d\u00e9coulant de quelque mani\u00e8re que ce soit li\u00e9s \u00e0 votre violation de l&#039;une des dispositions des pr\u00e9sentes conditions.<\/p>\n<h2>Divisibilit\u00e9<\/h2>\n<p>Si une disposition de ces conditions s\u2019av\u00e8re invalide en vertu d\u2019une loi applicable, ces dispositions seront supprim\u00e9es sans affecter les autres dispositions des pr\u00e9sentes.<\/p>\n<h2>Variation des termes<\/h2>\n<p>FREE Survival est autoris\u00e9 \u00e0 r\u00e9viser ces conditions \u00e0 tout moment comme bon lui semble, et en utilisant ce site Web, vous \u00eates cens\u00e9 consulter ces conditions r\u00e9guli\u00e8rement.<\/p>\n<h2>Affectation<\/h2>\n<p>FREE Survival est autoris\u00e9 \u00e0 c\u00e9der, transf\u00e9rer et sous-traiter ses droits et\/ou obligations en vertu des pr\u00e9sentes conditions sans aucune notification. Cependant, vous n&#039;\u00eates pas autoris\u00e9 \u00e0 c\u00e9der, transf\u00e9rer ou sous-traiter aucun de vos droits et\/ou obligations en vertu des pr\u00e9sentes conditions.<\/p>\n<h2>Accord complet<\/h2>\n<p>Ces conditions constituent l\u2019int\u00e9gralit\u00e9 de l\u2019accord entre FREE Survival et vous concernant votre utilisation de ce site Web et remplacent tous les accords et ententes ant\u00e9rieurs.<\/p>\n<h2>Loi applicable et juridiction<\/h2>\n<p>Ces conditions seront r\u00e9gies et interpr\u00e9t\u00e9es conform\u00e9ment aux lois de la juridiction de l&#039;emplacement du site Web, sans \u00e9gard \u00e0 ses dispositions en mati\u00e8re de conflit de lois. Vous vous soumettez \u00e0 la juridiction non exclusive des tribunaux \u00e9tatiques et f\u00e9d\u00e9raux situ\u00e9s dans la juridiction.<\/p>\n<p>En utilisant notre site Web, vous consentez par la pr\u00e9sente \u00e0 nos conditions d&#039;utilisation et acceptez d&#039;\u00eatre li\u00e9 par celles-ci. Si vous n&#039;\u00eates pas d&#039;accord avec nos conditions, vous devez vous abstenir d&#039;utiliser notre site Web.<\/p>\n<p>Veuillez nous contacter \u00e0 [email protected] si vous avez des questions ou des pr\u00e9occupations concernant ces conditions d&#039;utilisation.<\/p>","protected":false},"excerpt":{"rendered":"<p>Terms of Use Welcome to FREE Survival! These terms and conditions outline the rules and regulations for the use of our website. By accessing this website, we assume you accept these terms and conditions in full. Do not continue to use FREE Survival&#8217;s website if you do not accept all of the terms and conditions [&hellip;]<\/p>","protected":false},"author":1,"featured_media":0,"parent":0,"menu_order":0,"comment_status":"closed","ping_status":"closed","template":"","meta":{"footnotes":""},"class_list":["post-21","page","type-page","status-publish","hentry"],"aioseo_notices":[],"_links":{"self":[{"href":"https:\/\/freesurvival.davidweb.pro\/fr\/wp-json\/wp\/v2\/pages\/21","targetHints":{"allow":["GET"]}}],"collection":[{"href":"https:\/\/freesurvival.davidweb.pro\/fr\/wp-json\/wp\/v2\/pages"}],"about":[{"href":"https:\/\/freesurvival.davidweb.pro\/fr\/wp-json\/wp\/v2\/types\/page"}],"author":[{"embeddable":true,"href":"https:\/\/freesurvival.davidweb.pro\/fr\/wp-json\/wp\/v2\/users\/1"}],"replies":[{"embeddable":true,"href":"https:\/\/freesurvival.davidweb.pro\/fr\/wp-json\/wp\/v2\/comments?post=21"}],"version-history":[{"count":0,"href":"https:\/\/freesurvival.davidweb.pro\/fr\/wp-json\/wp\/v2\/pages\/21\/revisions"}],"wp:attachment":[{"href":"https:\/\/freesurvival.davidweb.pro\/fr\/wp-json\/wp\/v2\/media?parent=21"}],"curies":[{"name":"wp","href":"https:\/\/api.w.org\/{rel}","templated":true}]}}