{"id":21,"date":"2023-07-31T19:17:54","date_gmt":"2023-07-31T19:17:54","guid":{"rendered":"https:\/\/freesurvival.davidweb.pro\/terms-of-use\/"},"modified":"2023-07-31T19:17:54","modified_gmt":"2023-07-31T19:17:54","slug":"terms-of-use","status":"publish","type":"page","link":"https:\/\/freesurvival.davidweb.pro\/es\/condiciones-de-uso\/","title":{"rendered":"Condiciones de uso"},"content":{"rendered":"<h1>Condiciones de uso<\/h1>\n<p>\u00a1Bienvenido a Supervivencia GRATIS! Estos t\u00e9rminos y condiciones describen las reglas y regulaciones para el uso de nuestro sitio web. Al acceder a este sitio web, asumimos que acepta estos t\u00e9rminos y condiciones en su totalidad. No contin\u00fae utilizando el sitio web de FREE Survival si no acepta todos los t\u00e9rminos y condiciones establecidos en esta p\u00e1gina.<\/p>\n<h2>Derechos de propiedad intelectual<\/h2>\n<p>Aparte del contenido que usted posee, seg\u00fan estos t\u00e9rminos, FREE Survival y\/o sus licenciantes poseen todos los derechos de propiedad intelectual y los materiales contenidos en este sitio web. Se le otorga una licencia limitada \u00fanicamente para fines de ver el material contenido en este sitio web.<\/p>\n<h2>Restricciones<\/h2>\n<p>Est\u00e1 espec\u00edficamente restringido de todo lo siguiente:<\/p>\n<ul>\n<li>Publicar cualquier material del sitio web en cualquier otro medio.<\/li>\n<li>Vender, sublicenciar y\/o comercializar de otro modo cualquier material del sitio web<\/li>\n<li>Realizar y\/o mostrar p\u00fablicamente cualquier material del sitio web.<\/li>\n<li>Usar este sitio web de cualquier manera que sea o pueda da\u00f1ar este sitio web<\/li>\n<li>Usar este sitio web de cualquier manera que afecte el acceso del usuario a este sitio web<\/li>\n<\/ul>\n<p>Es posible que usted tenga restringido el acceso a ciertas \u00e1reas de este sitio web, y FREE Survival puede restringir a\u00fan m\u00e1s el acceso a cualquier \u00e1rea de este sitio web, en cualquier momento, a su exclusivo criterio. Cualquier identificaci\u00f3n de usuario y contrase\u00f1a que pueda tener para este sitio web son confidenciales y usted tambi\u00e9n debe mantener la confidencialidad.<\/p>\n<h2>Tu contenido<\/h2>\n<p>En estos t\u00e9rminos de uso, &quot;Su contenido&quot; significar\u00e1 cualquier audio, video, texto, im\u00e1genes u otro material que elija mostrar en este sitio web. Al mostrar su contenido, otorga a FREE Survival una licencia no exclusiva, mundial, irrevocable, libre de regal\u00edas y sublicenciable para usarlo, reproducirlo, adaptarlo, publicarlo, traducirlo y distribuirlo en todos los medios.<\/p>\n<p>Su Contenido debe ser suyo y no debe infringir los derechos de terceros. FREE Survival se reserva el derecho de eliminar Su Contenido de este sitio web en cualquier momento.<\/p>\n<h2>Sin garant\u00edas<\/h2>\n<p>Este sitio web se proporciona &quot;tal cual&quot;, con todos sus defectos, y FREE Survival no expresa ninguna representaci\u00f3n ni garant\u00eda de ning\u00fan tipo relacionada con este sitio web o los materiales contenidos en este sitio web. Adem\u00e1s, nada de lo contenido en este sitio web se interpretar\u00e1 como un aviso.<\/p>\n<h2>Limitaci\u00f3n de responsabilidad<\/h2>\n<p>En ning\u00fan caso FREE Survival, ni ninguno de sus funcionarios, directores y empleados, ser\u00e1n responsables de cualquier cosa que surja o est\u00e9 relacionada de alguna manera con el uso de este sitio web. FREE Survival, incluidos sus funcionarios, directores y empleados, no ser\u00e1 responsable de ninguna responsabilidad indirecta, consecuente o especial que surja de o est\u00e9 relacionada de alguna manera con el uso de este sitio web.<\/p>\n<h2>Indemnizaci\u00f3n<\/h2>\n<p>Por la presente, usted indemniza en la mayor medida a FREE Survival de y contra todas y cada una de las responsabilidades, costos, demandas, causas de acci\u00f3n, da\u00f1os y gastos que surjan de cualquier manera relacionados con su incumplimiento de cualquiera de las disposiciones de estos t\u00e9rminos.<\/p>\n<h2>Divisibilidad<\/h2>\n<p>Si alguna disposici\u00f3n de estos t\u00e9rminos se considera inv\u00e1lida seg\u00fan cualquier ley aplicable, dichas disposiciones se eliminar\u00e1n sin afectar las disposiciones restantes del presente documento.<\/p>\n<h2>Variaci\u00f3n de t\u00e9rminos<\/h2>\n<p>FREE Survival puede revisar estos t\u00e9rminos en cualquier momento como lo considere oportuno y, al utilizar este sitio web, se espera que usted los revise peri\u00f3dicamente.<\/p>\n<h2>Asignaci\u00f3n<\/h2>\n<p>FREE Survival puede ceder, transferir y subcontratar sus derechos y\/u obligaciones bajo estos t\u00e9rminos sin previo aviso. Sin embargo, no se le permite ceder, transferir o subcontratar ninguno de sus derechos y\/u obligaciones bajo estos t\u00e9rminos.<\/p>\n<h2>Acuerdo completo<\/h2>\n<p>Estos t\u00e9rminos constituyen el acuerdo completo entre FREE Survival y usted en relaci\u00f3n con su uso de este sitio web y reemplazan todos los acuerdos y entendimientos anteriores.<\/p>\n<h2>Ley aplicable y jurisdicci\u00f3n<\/h2>\n<p>Estos t\u00e9rminos se regir\u00e1n e interpretar\u00e1n de acuerdo con las leyes de la jurisdicci\u00f3n de la ubicaci\u00f3n del sitio web, sin tener en cuenta sus disposiciones sobre conflicto de leyes. Usted se somete a la jurisdicci\u00f3n no exclusiva de los tribunales estatales y federales ubicados en la jurisdicci\u00f3n.<\/p>\n<p>Al utilizar nuestro sitio web, por la presente usted acepta nuestros t\u00e9rminos de uso y acepta estar sujeto a ellos. Si no est\u00e1 de acuerdo con nuestros t\u00e9rminos, debe abstenerse de utilizar nuestro sitio web.<\/p>\n<p>Comun\u00edquese con nosotros en [email protected] si tiene alguna pregunta o inquietud con respecto a estos t\u00e9rminos de uso.<\/p>","protected":false},"excerpt":{"rendered":"<p>T\u00e9rminos de uso \u00a1Bienvenido a Survival GRATIS! Estos t\u00e9rminos y condiciones describen las reglas y regulaciones para el uso de nuestro sitio web. Al acceder a este sitio web, asumimos que acepta estos t\u00e9rminos y condiciones en su totalidad. No contin\u00fae utilizando el sitio web de FREE Survival si no acepta todos los t\u00e9rminos y condiciones [\u2026]<\/p>","protected":false},"author":1,"featured_media":0,"parent":0,"menu_order":0,"comment_status":"closed","ping_status":"closed","template":"","meta":{"footnotes":""},"class_list":["post-21","page","type-page","status-publish","hentry"],"aioseo_notices":[],"_links":{"self":[{"href":"https:\/\/freesurvival.davidweb.pro\/es\/wp-json\/wp\/v2\/pages\/21","targetHints":{"allow":["GET"]}}],"collection":[{"href":"https:\/\/freesurvival.davidweb.pro\/es\/wp-json\/wp\/v2\/pages"}],"about":[{"href":"https:\/\/freesurvival.davidweb.pro\/es\/wp-json\/wp\/v2\/types\/page"}],"author":[{"embeddable":true,"href":"https:\/\/freesurvival.davidweb.pro\/es\/wp-json\/wp\/v2\/users\/1"}],"replies":[{"embeddable":true,"href":"https:\/\/freesurvival.davidweb.pro\/es\/wp-json\/wp\/v2\/comments?post=21"}],"version-history":[{"count":0,"href":"https:\/\/freesurvival.davidweb.pro\/es\/wp-json\/wp\/v2\/pages\/21\/revisions"}],"wp:attachment":[{"href":"https:\/\/freesurvival.davidweb.pro\/es\/wp-json\/wp\/v2\/media?parent=21"}],"curies":[{"name":"wp","href":"https:\/\/api.w.org\/{rel}","templated":true}]}}