{"id":18,"date":"2023-07-31T19:16:48","date_gmt":"2023-07-31T19:16:48","guid":{"rendered":"https:\/\/freesurvival.davidweb.pro\/contact-us\/"},"modified":"2023-08-30T20:07:09","modified_gmt":"2023-08-30T20:07:09","slug":"contact-us","status":"publish","type":"page","link":"https:\/\/freesurvival.davidweb.pro\/es\/contactenos\/","title":{"rendered":"Cont\u00e1ctenos"},"content":{"rendered":"<h3>\u00a1Gracias por visitar Survival GRATIS!<\/h3>\n<p>Si tiene alguna pregunta, comentario o necesita ayuda, estamos aqu\u00ed para ayudarlo. Encuentre nuestra informaci\u00f3n de contacto a continuaci\u00f3n.<\/p>\n<p>No dude en comunicarse con nosotros si tiene alguna consulta, sugerencia o comentario. Valoramos sus comentarios y nos esforzamos por mejorar continuamente nuestro sitio web y nuestros recursos.<\/p>\n<p>[aioseo_local_business_info]<\/p>\n<p>[aioseo_local_opening_hours]<\/p>\n<p>[aioseo_local_map]<\/p>\n<h3>Con\u00e9ctate con nosotros en las redes sociales<\/h3>\n<p>Mant\u00e9ngase conectado con la comunidad GRATUITA de Survival sigui\u00e9ndonos en nuestras plataformas de redes sociales. \u00danase a la conversaci\u00f3n y comparta sus experiencias, consejos e ideas con otros supervivientes.<\/p>\n<ul>\n<li><strong>Facebook<\/strong>: <a href=\"https:\/\/www.facebook.com\/freesurvival\/\">Supervivencia GRATIS<\/a><\/li>\n<li><strong>Gorjeo<\/strong>: <a href=\"https:\/\/twitter.com\/freesurvival\">@supervivencialibre<\/a><\/li>\n<li><strong>Instagram<\/strong>: <a href=\"https:\/\/www.instagram.com\/freesurvival\/\">@supervivencialibre<\/a><\/li>\n<\/ul>\n<p>Le animamos a que interact\u00fae con nosotros y forme parte de nuestra comunidad de supervivencia en l\u00ednea.<\/p>\n<h3>Suscr\u00edbete a nuestro bolet\u00edn<\/h3>\n<p>Mant\u00e9ngase actualizado con los \u00faltimos consejos de supervivencia, gu\u00edas, <a href=\"https:\/\/freesurvival.davidweb.pro\/es\/revision-comparativa-de-equipamiento-para-exteriores-cuchillos-chaquetas-y-herramientas-de-supervivencia\/\">revisiones de equipo,<\/a> y novedades suscribi\u00e9ndote a nuestra newsletter. No se pierda informaci\u00f3n valiosa que puede ayudarle a estar mejor preparado para cualquier situaci\u00f3n.<\/p>\n<h3>Env\u00ede sus preguntas y comentarios<\/h3>\n<p>Si tiene preguntas, sugerencias o comentarios espec\u00edficos sobre nuestro sitio web, contenido o servicios, env\u00edenos un correo electr\u00f3nico. Valoramos sus comentarios y nos esforzamos por brindar la mejor experiencia de usuario posible.<\/p>\n<p>Gracias por elegir FREE Survival como su recurso en l\u00ednea definitivo para obtener conocimientos y habilidades de supervivencia. \u00a1Esperamos poder ayudarle y ser parte de su viaje de supervivencia!<\/p>\n<h3>Navegando por la naturaleza: su gu\u00eda de supervivencia para prosperar en cualquier crisis<\/h3>\n<p>En un mundo en constante cambio y lleno de incertidumbres, estar preparado para cualquier crisis no es s\u00f3lo un lujo; es una necesidad. Si eres un superviviente experimentado o alguien que busca sumergirse en el mundo de la preparaci\u00f3n para la naturaleza, FREE Survival es tu gu\u00eda definitiva para dominar el arte de prosperar en la naturaleza. Creemos que abrazar lo salvaje no se trata de temerlo, sino de comprenderlo, respetarlo y, en \u00faltima instancia, conquistarlo. Bienvenido a FREE Survival, tu completo compa\u00f1ero de supervivencia.<\/p>\n<h3>Los elementos esenciales de la supervivencia<\/h3>\n<p>En FREE Survival, reconocemos que la supervivencia no se trata simplemente de almacenar suministros; se trata de adquirir habilidades esenciales que pueden marcar la diferencia ante la adversidad. Nuestros gu\u00edas cubren una amplia gama de habilidades de supervivencia, desde los conceptos b\u00e1sicos de encender un fuego y encontrar agua limpia hasta t\u00e9cnicas avanzadas como construir un refugio en la naturaleza. Creemos que el conocimiento es su activo m\u00e1s valioso en una crisis y estamos aqu\u00ed para asegurarnos de que est\u00e9 bien equipado con \u00e9l.<\/p>\n<h3>Prep\u00e1rese para el \u00e9xito<\/h3>\n<p>El equipo de supervivencia puede marcar la diferencia entre una noche c\u00f3moda en la naturaleza y una experiencia agotadora e inc\u00f3moda. Entendemos la importancia de tener las herramientas adecuadas a su disposici\u00f3n. Nuestras revisiones y recomendaciones detalladas de equipos lo ayudar\u00e1n a tomar decisiones informadas cuando se trata de seleccionar el mejor equipo de supervivencia, ya sea un cuchillo resistente, un filtro de agua confiable o una mochila resistente. Probamos y analizamos el equipo para que usted no tenga que adivinar qu\u00e9 funciona mejor en una crisis.<\/p>\n<h3>Libera a tu superviviente interior<\/h3>\n<p>La supervivencia no es s\u00f3lo un pasatiempo; es una mentalidad. Se trata de desarrollar un agudo sentido de conciencia y adaptabilidad, rasgos que son \u00fatiles no s\u00f3lo en la naturaleza sino tambi\u00e9n en la vida cotidiana. FREE Survival tiene como objetivo ayudarlo a aprovechar su superviviente interior brind\u00e1ndole informaci\u00f3n sobre la psicolog\u00eda de la supervivencia. Aprenda a mantener la calma bajo presi\u00f3n, tomar decisiones r\u00e1pidas y adaptarse a las circunstancias cambiantes. Estas habilidades no s\u00f3lo son \u00fatiles en la naturaleza; son habilidades para la vida que pueden empoderarte en cualquier situaci\u00f3n.<\/p>\n<h3>Preparaci\u00f3n para todos<\/h3>\n<p>En FREE Survival, creemos que la preparaci\u00f3n debe ser accesible para todos, independientemente de sus antecedentes o experiencia. Nuestros gu\u00edas atienden tanto a principiantes como a supervivientes experimentados, ofreciendo una progresi\u00f3n gradual de conocimientos y habilidades. Si usted es un habitante de la ciudad que busca desarrollar habilidades de supervivencia urbana o un entusiasta de las actividades al aire libre que se prepara para una aventura en el campo, nuestros recursos se adaptan a sus necesidades.<\/p>\n<h3>Prosperar, no s\u00f3lo sobrevivir<\/h3>\n<p>Sobrevivir en una crisis es una cosa, pero prosperar es otra. Nuestras gu\u00edas van m\u00e1s all\u00e1 de los conceptos b\u00e1sicos de supervivencia para ayudarle no s\u00f3lo a resistir sino a prosperar en situaciones desafiantes. Aprenda a buscar comida, rastrear la vida silvestre y navegar sin la ayuda del GPS. Descubra la satisfacci\u00f3n de la autosuficiencia mientras domina el arte de cocinar y elaborar artesan\u00edas en la naturaleza. FREE Survival es tu pasaporte a un mundo donde la adversidad se convierte en una oportunidad de crecimiento.<\/p>\n<h3>\u00danase a la comunidad de supervivencia GRATUITA<\/h3>\n<p>La supervivencia es un viaje que se emprende mejor con otras personas que comparten tu pasi\u00f3n. FREE Survival ofrece una comunidad vibrante donde puedes conectarte con otros supervivientes, compartir experiencias y buscar consejos. Participe en debates, participe en desaf\u00edos y establezca relaciones con personas de ideas afines que comprendan la importancia de estar preparados.<\/p>\n<p>En un mundo lleno de incertidumbres, FREE Survival es su fiel compa\u00f1ero en el camino hacia la autosuficiencia y la preparaci\u00f3n. Abrace la naturaleza con confianza, armado con conocimientos, habilidades y el equipo adecuado. Prosperar en cualquier crisis no es s\u00f3lo una posibilidad; es una forma de vida que puedes lograr con la gu\u00eda y el apoyo de FREE Survival. Libera hoy al superviviente que llevas dentro y emb\u00e1rcate en un viaje que te transformar\u00e1 en una persona resiliente, ingeniosa y segura de s\u00ed misma, lista para conquistar cualquier desaf\u00edo que se le presente.<\/p>","protected":false},"excerpt":{"rendered":"<p>Thank you for visiting FREE Survival! If you have any questions, comments, or need assistance, we are here to help. Please find our contact information below. Feel free to reach out to us with any inquiries, suggestions, or feedback you may have. We value your input and strive to continuously improve our website and resources. [&hellip;]<\/p>","protected":false},"author":1,"featured_media":0,"parent":0,"menu_order":0,"comment_status":"closed","ping_status":"closed","template":"","meta":{"footnotes":""},"class_list":["post-18","page","type-page","status-publish","hentry"],"aioseo_notices":[],"_links":{"self":[{"href":"https:\/\/freesurvival.davidweb.pro\/es\/wp-json\/wp\/v2\/pages\/18","targetHints":{"allow":["GET"]}}],"collection":[{"href":"https:\/\/freesurvival.davidweb.pro\/es\/wp-json\/wp\/v2\/pages"}],"about":[{"href":"https:\/\/freesurvival.davidweb.pro\/es\/wp-json\/wp\/v2\/types\/page"}],"author":[{"embeddable":true,"href":"https:\/\/freesurvival.davidweb.pro\/es\/wp-json\/wp\/v2\/users\/1"}],"replies":[{"embeddable":true,"href":"https:\/\/freesurvival.davidweb.pro\/es\/wp-json\/wp\/v2\/comments?post=18"}],"version-history":[{"count":6,"href":"https:\/\/freesurvival.davidweb.pro\/es\/wp-json\/wp\/v2\/pages\/18\/revisions"}],"predecessor-version":[{"id":940,"href":"https:\/\/freesurvival.davidweb.pro\/es\/wp-json\/wp\/v2\/pages\/18\/revisions\/940"}],"wp:attachment":[{"href":"https:\/\/freesurvival.davidweb.pro\/es\/wp-json\/wp\/v2\/media?parent=18"}],"curies":[{"name":"wp","href":"https:\/\/api.w.org\/{rel}","templated":true}]}}