{"id":17,"date":"2023-07-31T19:16:33","date_gmt":"2023-07-31T19:16:33","guid":{"rendered":"https:\/\/freesurvival.davidweb.pro\/about-us\/"},"modified":"2023-08-28T18:56:17","modified_gmt":"2023-08-28T18:56:17","slug":"about-us","status":"publish","type":"page","link":"https:\/\/freesurvival.davidweb.pro\/es\/sobre-nosotros\/","title":{"rendered":"Sobre nosotros"},"content":{"rendered":"<h1>Sobre nosotros: Supervivencia GRATIS<\/h1>\n<h2>Abrace lo salvaje, prospere en cualquier crisis: Supervivencia GRATUITA: \u00a1su gu\u00eda de supervivencia definitiva!<\/h2>\n<p>Bienvenido a <strong>Supervivencia GRATIS<\/strong>, \u00a1tu recurso en l\u00ednea definitivo para todo lo relacionado con el estilo de vida de supervivencia! Ya sea que sea un superviviente experimentado o reci\u00e9n est\u00e9 comenzando su viaje hacia el mundo de la autosuficiencia, nuestro sitio web est\u00e1 aqu\u00ed para brindarle una gran cantidad de informaci\u00f3n, consejos y gu\u00edas para ayudarlo a prosperar en cualquier situaci\u00f3n.<\/p>\n<p>En <strong>Supervivencia GRATIS<\/strong>, entendemos la importancia de estar preparados para lo inesperado. Nuestro equipo experto de supervivientes, entusiastas de las actividades al aire libre y expertos en diversos campos se han reunido para compartir sus conocimientos y experiencias. Desde habilidades de supervivencia en la naturaleza hasta preparaci\u00f3n urbana, lo tenemos cubierto.<\/p>\n<h3>Lo que encontrar\u00e1 en nuestro sitio web<\/h3>\n<p><strong>Gu\u00edas de supervivencia<\/strong>:<br \/>\nNuestras gu\u00edas integrales de supervivencia cubren una amplia gama de temas, desde la construcci\u00f3n de refugios, la b\u00fasqueda de fuentes de agua y el inicio de incendios en la naturaleza, hasta t\u00e1cticas de supervivencia urbana para emergencias en entornos urbanos.<\/p>\n<p><strong>Rese\u00f1as de equipos<\/strong>:<br \/>\nElegir lo correcto <a href=\"https:\/\/freesurvival.davidweb.pro\/es\/revision-comparativa-de-equipamiento-para-exteriores-cuchillos-chaquetas-y-herramientas-de-supervivencia\/\">El equipo puede marcar una diferencia significativa en una supervivencia.<\/a> situaci\u00f3n. Proporcionamos imparcialidad <a href=\"https:\/\/freesurvival.davidweb.pro\/es\/7-kits-de-supervivencia-de-emergencia-una-revision-comparativa\/\">Rese\u00f1as y recomendaciones para la supervivencia esencial.<\/a> herramientas, equipos y dispositivos para ayudarle a tomar decisiones informadas.<\/p>\n<p><strong>Comida y b\u00fasqueda de alimento<\/strong>:<br \/>\nAprenda a buscar plantas comestibles, cazar, pescar y almacenar alimentos para lograr una sostenibilidad a largo plazo.<\/p>\n<p><strong>Autodefensa y seguridad<\/strong>:<br \/>\nExplore t\u00e9cnicas y estrategias de autodefensa para protegerse a usted y a sus seres queridos en situaciones desafiantes.<\/p>\n<p><strong>Comunidad y networking<\/strong>:<br \/>\nCon\u00e9ctese con personas de ideas afines en nuestros foros y plataformas de redes sociales para intercambiar ideas, experiencias y consejos.<\/p>\n<p><strong>Preparaci\u00f3n para emergencias<\/strong>:<br \/>\nMant\u00e9ngase actualizado sobre las \u00faltimas noticias, desastres naturales y amenazas potenciales, y descubra c\u00f3mo prepararse y responder de manera efectiva.<\/p>\n<p><strong>Proyectos de bricolaje<\/strong>:<br \/>\nParticipe en varios proyectos que puede hacer usted mismo, como construir kits de supervivencia, crear <a href=\"https:\/\/freesurvival.davidweb.pro\/es\/comparando-los-mejores-sistemas-de-filtracion-de-agua-una-revision-completa\/\">sistemas de filtraci\u00f3n de agua,<\/a> y construcci\u00f3n de refugios.<\/p>\n<h3>Nuestra misi\u00f3n: empoderarte para enfrentar la adversidad<\/h3>\n<p>Nuestra misi\u00f3n en <strong>Supervivencia GRATIS<\/strong> es brindarle el conocimiento y las habilidades necesarias para enfrentar la adversidad con confianza. Recuerde, la supervivencia es algo m\u00e1s que la preparaci\u00f3n f\u00edsica; tambi\u00e9n se trata de fortaleza mental y adaptabilidad.<\/p>\n<p>\u00danase a nosotros en este viaje para adoptar el estilo de vida de supervivencia y estar preparado para cualquier cosa que la vida le depare. Prep\u00e1rese, ad\u00e1ptese y sobreviva con <strong>Supervivencia GRATIS<\/strong>!<\/p>","protected":false},"excerpt":{"rendered":"<p>About Us: FREE Survival Embrace the Wild, Thrive in Any Crisis: FREE Survival &#8211; Your Ultimate Survivalist Guide! Welcome to FREE Survival, your ultimate online resource for everything related to the survivalist lifestyle! Whether you&#8217;re a seasoned survivalist or just starting your journey into the world of self-reliance, our website is here to provide you [&hellip;]<\/p>","protected":false},"author":1,"featured_media":0,"parent":0,"menu_order":0,"comment_status":"closed","ping_status":"closed","template":"","meta":{"footnotes":""},"class_list":["post-17","page","type-page","status-publish","hentry"],"aioseo_notices":[],"_links":{"self":[{"href":"https:\/\/freesurvival.davidweb.pro\/es\/wp-json\/wp\/v2\/pages\/17","targetHints":{"allow":["GET"]}}],"collection":[{"href":"https:\/\/freesurvival.davidweb.pro\/es\/wp-json\/wp\/v2\/pages"}],"about":[{"href":"https:\/\/freesurvival.davidweb.pro\/es\/wp-json\/wp\/v2\/types\/page"}],"author":[{"embeddable":true,"href":"https:\/\/freesurvival.davidweb.pro\/es\/wp-json\/wp\/v2\/users\/1"}],"replies":[{"embeddable":true,"href":"https:\/\/freesurvival.davidweb.pro\/es\/wp-json\/wp\/v2\/comments?post=17"}],"version-history":[{"count":3,"href":"https:\/\/freesurvival.davidweb.pro\/es\/wp-json\/wp\/v2\/pages\/17\/revisions"}],"predecessor-version":[{"id":869,"href":"https:\/\/freesurvival.davidweb.pro\/es\/wp-json\/wp\/v2\/pages\/17\/revisions\/869"}],"wp:attachment":[{"href":"https:\/\/freesurvival.davidweb.pro\/es\/wp-json\/wp\/v2\/media?parent=17"}],"curies":[{"name":"wp","href":"https:\/\/api.w.org\/{rel}","templated":true}]}}