{"id":21,"date":"2023-07-31T19:17:54","date_gmt":"2023-07-31T19:17:54","guid":{"rendered":"https:\/\/freesurvival.davidweb.pro\/terms-of-use\/"},"modified":"2023-07-31T19:17:54","modified_gmt":"2023-07-31T19:17:54","slug":"terms-of-use","status":"publish","type":"page","link":"https:\/\/freesurvival.davidweb.pro\/de\/nutzungsbedingungen\/","title":{"rendered":"Nutzungsbedingungen"},"content":{"rendered":"<h1>Nutzungsbedingungen<\/h1>\n<p>Willkommen beim KOSTENLOSEN \u00dcberleben! Diese Allgemeinen Gesch\u00e4ftsbedingungen beschreiben die Regeln und Vorschriften f\u00fcr die Nutzung unserer Website. Mit dem Zugriff auf diese Website gehen wir davon aus, dass Sie diese Allgemeinen Gesch\u00e4ftsbedingungen vollst\u00e4ndig akzeptieren. Nutzen Sie die Website von FREE Survival nicht weiter, wenn Sie nicht alle auf dieser Seite aufgef\u00fchrten Gesch\u00e4ftsbedingungen akzeptieren.<\/p>\n<h2>Rechte an geistigem Eigentum<\/h2>\n<p>Abgesehen von den Inhalten, die Sie besitzen, besitzen FREE Survival und\/oder seine Lizenzgeber gem\u00e4\u00df diesen Bedingungen alle geistigen Eigentumsrechte und Materialien, die auf dieser Website enthalten sind. Ihnen wird eine eingeschr\u00e4nkte Lizenz nur f\u00fcr die Anzeige des auf dieser Website enthaltenen Materials gew\u00e4hrt.<\/p>\n<h2>Einschr\u00e4nkungen<\/h2>\n<p>Folgendes ist Ihnen ausdr\u00fccklich untersagt:<\/p>\n<ul>\n<li>Ver\u00f6ffentlichung von Website-Material in anderen Medien<\/li>\n<li>Verkauf, Unterlizenzierung und\/oder anderweitige Kommerzialisierung von Website-Material<\/li>\n<li>\u00d6ffentliches Auff\u00fchren und\/oder Zeigen von Website-Material<\/li>\n<li>Die Nutzung dieser Website in irgendeiner Weise, die dieser Website schadet oder schaden k\u00f6nnte<\/li>\n<li>Nutzung dieser Website in irgendeiner Weise, die den Benutzerzugriff auf diese Website beeintr\u00e4chtigt<\/li>\n<\/ul>\n<p>Der Zugriff auf bestimmte Bereiche dieser Website kann f\u00fcr Sie gesperrt sein, und FREE Survival kann den Zugriff auf beliebige Bereiche dieser Website jederzeit und nach eigenem Ermessen weiter einschr\u00e4nken. Alle Benutzer-IDs und Passw\u00f6rter, die Sie m\u00f6glicherweise f\u00fcr diese Website haben, sind vertraulich und Sie m\u00fcssen die Vertraulichkeit ebenfalls wahren.<\/p>\n<h2>Ihr Inhalt<\/h2>\n<p>In diesen Nutzungsbedingungen bezeichnet \u201eIhr Inhalt\u201c alle Audio-, Video-, Text-, Bild- und sonstigen Materialien, die Sie auf dieser Website anzeigen m\u00f6chten. Durch die Anzeige Ihrer Inhalte gew\u00e4hren Sie FREE Survival eine nicht-exklusive, weltweite, unwiderrufliche, geb\u00fchrenfreie, unterlizenzierbare Lizenz zur Nutzung, Vervielf\u00e4ltigung, Anpassung, Ver\u00f6ffentlichung, \u00dcbersetzung und Verbreitung in allen Medien.<\/p>\n<p>Ihre Inhalte m\u00fcssen Ihre eigenen sein und d\u00fcrfen keine Rechte Dritter verletzen. FREE Survival beh\u00e4lt sich das Recht vor, jederzeit Ihre Inhalte von dieser Website zu entfernen.<\/p>\n<h2>Keine Garantien<\/h2>\n<p>Diese Website wird \u201ewie besehen\u201c mit allen Fehlern bereitgestellt und FREE Survival gibt keinerlei Zusicherungen oder Gew\u00e4hrleistungen jeglicher Art im Zusammenhang mit dieser Website oder den auf dieser Website enthaltenen Materialien ab. Dar\u00fcber hinaus ist nichts auf dieser Website als Empfehlung f\u00fcr Sie zu verstehen.<\/p>\n<h2>Haftungsbeschr\u00e4nkung<\/h2>\n<p>In keinem Fall k\u00f6nnen FREE Survival oder seine leitenden Angestellten, Direktoren und Mitarbeiter f\u00fcr irgendetwas haftbar gemacht werden, das sich aus Ihrer Nutzung dieser Website ergibt oder in irgendeiner Weise damit zusammenh\u00e4ngt. FREE Survival, einschlie\u00dflich seiner leitenden Angestellten, Direktoren und Mitarbeiter, \u00fcbernimmt keine Haftung f\u00fcr indirekte, Folge- oder besondere Haftung, die sich aus oder in irgendeiner Weise im Zusammenhang mit Ihrer Nutzung dieser Website ergibt.<\/p>\n<h2>Entsch\u00e4digung<\/h2>\n<p>Hiermit stellen Sie FREE Survival in vollem Umfang von s\u00e4mtlichen Verbindlichkeiten, Kosten, Forderungen, Klagegr\u00fcnden, Sch\u00e4den und Ausgaben frei, die in irgendeiner Weise im Zusammenhang mit Ihrem Versto\u00df gegen eine der Bestimmungen dieser Bedingungen entstehen.<\/p>\n<h2>Salvatorische Klausel<\/h2>\n<p>Sollte sich herausstellen, dass eine Bestimmung dieser Bedingungen nach geltendem Recht ung\u00fcltig ist, werden diese Bestimmungen gel\u00f6scht, ohne dass dies Auswirkungen auf die \u00fcbrigen Bestimmungen dieser Bedingungen hat.<\/p>\n<h2>Variation von Begriffen<\/h2>\n<p>FREE Survival ist berechtigt, diese Bedingungen jederzeit nach eigenem Ermessen zu \u00fcberarbeiten. Durch die Nutzung dieser Website wird von Ihnen erwartet, dass Sie diese Bedingungen regelm\u00e4\u00dfig \u00fcberpr\u00fcfen.<\/p>\n<h2>Abtretung<\/h2>\n<p>FREE Survival ist berechtigt, seine Rechte und\/oder Pflichten aus diesen Bedingungen ohne vorherige Ank\u00fcndigung abzutreten, zu \u00fcbertragen und als Unterauftragnehmer zu vergeben. Es ist Ihnen jedoch nicht gestattet, Ihre Rechte und\/oder Pflichten aus diesen Bedingungen abzutreten, zu \u00fcbertragen oder unterzuvergeben.<\/p>\n<h2>Ganze Vereinbarung<\/h2>\n<p>Diese Bedingungen stellen die gesamte Vereinbarung zwischen FREE Survival und Ihnen in Bezug auf Ihre Nutzung dieser Website dar und ersetzen alle vorherigen Vereinbarungen und Absprachen.<\/p>\n<h2>Anwendbares Recht und Gerichtsstand<\/h2>\n<p>Diese Bedingungen unterliegen den Gesetzen der Gerichtsbarkeit des Standorts der Website und werden in \u00dcbereinstimmung mit diesen ausgelegt, ohne R\u00fccksicht auf die Kollisionsnormen. Sie unterwerfen sich der nicht ausschlie\u00dflichen Zust\u00e4ndigkeit der in Ihrem Zust\u00e4ndigkeitsbereich ans\u00e4ssigen Landes- und Bundesgerichte.<\/p>\n<p>Durch die Nutzung unserer Website stimmen Sie hiermit unseren Nutzungsbedingungen zu und erkl\u00e4ren sich damit einverstanden, an diese gebunden zu sein. Wenn Sie mit unseren Bedingungen nicht einverstanden sind, m\u00fcssen Sie die Nutzung unserer Website unterlassen.<\/p>\n<p>Bitte kontaktieren Sie uns unter [email protected], wenn Sie Fragen oder Bedenken zu diesen Nutzungsbedingungen haben.<\/p>","protected":false},"excerpt":{"rendered":"<p>Terms of Use Welcome to FREE Survival! These terms and conditions outline the rules and regulations for the use of our website. By accessing this website, we assume you accept these terms and conditions in full. Do not continue to use FREE Survival&#8217;s website if you do not accept all of the terms and conditions [&hellip;]<\/p>","protected":false},"author":1,"featured_media":0,"parent":0,"menu_order":0,"comment_status":"closed","ping_status":"closed","template":"","meta":{"footnotes":""},"class_list":["post-21","page","type-page","status-publish","hentry"],"aioseo_notices":[],"_links":{"self":[{"href":"https:\/\/freesurvival.davidweb.pro\/de\/wp-json\/wp\/v2\/pages\/21","targetHints":{"allow":["GET"]}}],"collection":[{"href":"https:\/\/freesurvival.davidweb.pro\/de\/wp-json\/wp\/v2\/pages"}],"about":[{"href":"https:\/\/freesurvival.davidweb.pro\/de\/wp-json\/wp\/v2\/types\/page"}],"author":[{"embeddable":true,"href":"https:\/\/freesurvival.davidweb.pro\/de\/wp-json\/wp\/v2\/users\/1"}],"replies":[{"embeddable":true,"href":"https:\/\/freesurvival.davidweb.pro\/de\/wp-json\/wp\/v2\/comments?post=21"}],"version-history":[{"count":0,"href":"https:\/\/freesurvival.davidweb.pro\/de\/wp-json\/wp\/v2\/pages\/21\/revisions"}],"wp:attachment":[{"href":"https:\/\/freesurvival.davidweb.pro\/de\/wp-json\/wp\/v2\/media?parent=21"}],"curies":[{"name":"wp","href":"https:\/\/api.w.org\/{rel}","templated":true}]}}