{"id":19,"date":"2023-07-31T19:17:09","date_gmt":"2023-07-31T19:17:09","guid":{"rendered":"https:\/\/freesurvival.davidweb.pro\/privacy-policy\/"},"modified":"2023-07-31T19:17:09","modified_gmt":"2023-07-31T19:17:09","slug":"privacy-policy","status":"publish","type":"page","link":"https:\/\/freesurvival.davidweb.pro\/de\/datenschutzrichtlinie\/","title":{"rendered":"Datenschutzrichtlinie"},"content":{"rendered":"<h1>Datenschutzrichtlinie<\/h1>\n<p>Bei FREE Survival legen wir gro\u00dfen Wert auf Ihre Privatsph\u00e4re und verpflichten uns zum Schutz Ihrer pers\u00f6nlichen Daten. Diese Datenschutzrichtlinie beschreibt, wie wir Ihre Daten erfassen, verwenden und sch\u00fctzen, wenn Sie unsere Website besuchen und nutzen <a href=\"https:\/\/freesurvival.davidweb.pro\/de\/\">https:\/\/freesurvival.davidweb.pro<\/a>.<\/p>\n<h3>Informationen, die wir sammeln<\/h3>\n<p>Wenn Sie auf unsere Website zugreifen, erfassen wir m\u00f6glicherweise bestimmte personenbezogene Daten. Zu diesen Informationen k\u00f6nnen geh\u00f6ren:<\/p>\n<ul>\n<li>Name, E-Mail-Adresse und Kontaktinformationen werden im Rahmen der Interaktion mit unserer Website, beispielsweise der Anmeldung zu unserem Newsletter oder der Abgabe von Kommentaren, freiwillig angegeben.<\/li>\n<li>Durch die Verwendung von Cookies und \u00e4hnlichen Technologien automatisch erfasste Informationen, einschlie\u00dflich Ihrer IP-Adresse, Ihres Browsertyps, Ger\u00e4teinformationen und Website-Nutzungsstatistiken.<\/li>\n<\/ul>\n<h3>Verwendung von Cookies<\/h3>\n<p>Um Ihr Surferlebnis zu verbessern und personalisierte Inhalte bereitzustellen, verwenden wir m\u00f6glicherweise Cookies und \u00e4hnliche Technologien. Cookies sind kleine Textdateien, die auf Ihrem Ger\u00e4t abgelegt werden, wenn Sie unsere Website besuchen. Diese Dateien helfen uns, den Website-Verkehr zu analysieren, Benutzerinteraktionen zu verfolgen und unsere Dienste zu verbessern. Durch den Zugriff auf unsere Website stimmen Sie der Verwendung von Cookies zu.<\/p>\n<h3>Verwendung von Informationen<\/h3>\n<p>Wir verwenden die gesammelten Informationen haupts\u00e4chlich f\u00fcr die folgenden Zwecke:<\/p>\n<ul>\n<li>Zur Bereitstellung und Pflege unserer Website, einschlie\u00dflich der Bereitstellung der Inhalte, Features und Funktionalit\u00e4ten, auf die Sie zugreifen.<\/li>\n<li>Um Ihr Erlebnis zu personalisieren und ma\u00dfgeschneiderte Inhalte und Empfehlungen anzubieten, die auf Ihren Vorlieben basieren.<\/li>\n<li>Um mit Ihnen zu kommunizieren, auf Anfragen zu antworten und Kundensupport bereitzustellen.<\/li>\n<li>Zum Versenden regelm\u00e4\u00dfiger E-Mails, einschlie\u00dflich Newsletter und Updates zum Inhalt unserer Website und relevanten \u00dcberlebensinformationen.<\/li>\n<li>Um die Leistung unserer Website und Dienste zu analysieren und zu verbessern.<\/li>\n<\/ul>\n<h3>Offenlegung durch Dritte<\/h3>\n<p>Wir verkaufen, handeln oder \u00fcbertragen Ihre personenbezogenen Daten nicht ohne Ihre Zustimmung an Dritte, au\u00dfer in den folgenden F\u00e4llen:<\/p>\n<ul>\n<li>Wir k\u00f6nnen Ihre Informationen an vertrauensw\u00fcrdige Dienstleister weitergeben, die uns beim Betrieb unserer Website, bei der Abwicklung von Gesch\u00e4ften oder bei der Erbringung wesentlicher Dienstleistungen f\u00fcr Sie unterst\u00fctzen, sofern diese sich bereit erkl\u00e4ren, Ihre Informationen vertraulich zu behandeln.<\/li>\n<li>Wir k\u00f6nnen Informationen offenlegen, wenn dies aufgrund von Gesetzen, Vorschriften, rechtlichen Verfahren oder beh\u00f6rdlichen Anforderungen erforderlich ist.<\/li>\n<\/ul>\n<h3>Datensicherheit<\/h3>\n<p>Wir implementieren verschiedene Sicherheitsma\u00dfnahmen, um Ihre pers\u00f6nlichen Daten zu sch\u00fctzen und sie vor unbefugtem Zugriff, unbefugter Nutzung oder Offenlegung zu sch\u00fctzen. Bitte beachten Sie jedoch, dass keine Methode der \u00dcbertragung \u00fcber das Internet oder der elektronischen Speicherung v\u00f6llig sicher ist. Obwohl wir uns um den Schutz Ihrer Daten bem\u00fchen, k\u00f6nnen wir deren absolute Sicherheit nicht garantieren.<\/p>\n<h3>Externe Links<\/h3>\n<p>Unsere Website kann Links zu externen Websites enthalten, die nicht von uns betrieben werden. Wenn Sie auf diese Links klicken, werden Sie auf die Websites Dritter mit deren Datenschutzrichtlinien und Nutzungsbedingungen weitergeleitet. Wir haben keine Kontrolle \u00fcber den Inhalt, die Datenschutzpraktiken oder die Aktivit\u00e4ten dieser verlinkten Websites und \u00fcbernehmen keine Verantwortung daf\u00fcr.<\/p>\n<h3>Privatsph\u00e4re von Kindern<\/h3>\n<p>FREE Survival sammelt wissentlich keine personenbezogenen Daten von Personen unter 18 Jahren. Wenn Sie ein Elternteil oder Erziehungsberechtigter sind und glauben, dass Ihr Kind uns personenbezogene Daten zur Verf\u00fcgung gestellt hat, kontaktieren Sie uns bitte umgehend. Wir werden uns bem\u00fchen, solche Informationen aus unseren Aufzeichnungen zu entfernen.<\/p>\n<h3>\u00c4nderungen dieser Datenschutzrichtlinie<\/h3>\n<p>FREE Survival beh\u00e4lt sich das Recht vor, diese Datenschutzrichtlinie jederzeit zu aktualisieren oder zu \u00e4ndern. Alle an der Richtlinie vorgenommenen \u00c4nderungen werden mit der Ver\u00f6ffentlichung der \u00fcberarbeiteten Version auf unserer Website wirksam. Wir empfehlen Ihnen, diese Seite regelm\u00e4\u00dfig zu \u00fcberpr\u00fcfen, um dar\u00fcber informiert zu bleiben, wie wir Ihre Privatsph\u00e4re sch\u00fctzen.<\/p>\n<h3>Kontaktiere uns<\/h3>\n<p>Wenn Sie Fragen, Bedenken oder W\u00fcnsche bez\u00fcglich dieser Datenschutzrichtlinie oder den Praktiken von FREE Survival haben, kontaktieren Sie uns bitte unter:<\/p>\n<p>Email: <a href=\"mailto:privacy@freesurvival.davidweb.pro\">privatsph\u00e4re@freesurvival.davidweb.pro<\/a><\/p>\n<p>Durch die Nutzung unserer Website erkl\u00e4ren Sie sich mit dieser Datenschutzrichtlinie einverstanden.<\/p>","protected":false},"excerpt":{"rendered":"<p>Privacy Policy At FREE Survival, we highly value your privacy and are committed to protecting your personal information. This privacy policy outlines how we collect, use, and safeguard your data when you visit and use our website, located at https:\/\/freesurvival.davidweb.pro. Information We Collect We may collect certain personally identifiable information when you access our website. [&hellip;]<\/p>","protected":false},"author":1,"featured_media":0,"parent":0,"menu_order":0,"comment_status":"closed","ping_status":"closed","template":"","meta":{"footnotes":""},"class_list":["post-19","page","type-page","status-publish","hentry"],"aioseo_notices":[],"_links":{"self":[{"href":"https:\/\/freesurvival.davidweb.pro\/de\/wp-json\/wp\/v2\/pages\/19","targetHints":{"allow":["GET"]}}],"collection":[{"href":"https:\/\/freesurvival.davidweb.pro\/de\/wp-json\/wp\/v2\/pages"}],"about":[{"href":"https:\/\/freesurvival.davidweb.pro\/de\/wp-json\/wp\/v2\/types\/page"}],"author":[{"embeddable":true,"href":"https:\/\/freesurvival.davidweb.pro\/de\/wp-json\/wp\/v2\/users\/1"}],"replies":[{"embeddable":true,"href":"https:\/\/freesurvival.davidweb.pro\/de\/wp-json\/wp\/v2\/comments?post=19"}],"version-history":[{"count":0,"href":"https:\/\/freesurvival.davidweb.pro\/de\/wp-json\/wp\/v2\/pages\/19\/revisions"}],"wp:attachment":[{"href":"https:\/\/freesurvival.davidweb.pro\/de\/wp-json\/wp\/v2\/media?parent=19"}],"curies":[{"name":"wp","href":"https:\/\/api.w.org\/{rel}","templated":true}]}}