{"id":18,"date":"2023-07-31T19:16:48","date_gmt":"2023-07-31T19:16:48","guid":{"rendered":"https:\/\/freesurvival.davidweb.pro\/contact-us\/"},"modified":"2023-08-30T20:07:09","modified_gmt":"2023-08-30T20:07:09","slug":"contact-us","status":"publish","type":"page","link":"https:\/\/freesurvival.davidweb.pro\/de\/kontaktiere-uns\/","title":{"rendered":"Kontaktiere uns"},"content":{"rendered":"<h3>Vielen Dank f\u00fcr Ihren Besuch bei FREE Survival!<\/h3>\n<p>Wenn Sie Fragen oder Kommentare haben oder Hilfe ben\u00f6tigen, sind wir f\u00fcr Sie da. Nachfolgend finden Sie unsere Kontaktinformationen.<\/p>\n<p>Bei Fragen, Anregungen oder R\u00fcckmeldungen k\u00f6nnen Sie sich jederzeit an uns wenden. Wir sch\u00e4tzen Ihren Beitrag und sind bestrebt, unsere Website und Ressourcen kontinuierlich zu verbessern.<\/p>\n<p>[aioseo_local_business_info]<\/p>\n<p>[aioseo_local_opening_hours]<\/p>\n<p>[aioseo_local_map]<\/p>\n<h3>Vernetzen Sie sich mit uns in den sozialen Medien<\/h3>\n<p>Bleiben Sie mit der FREE Survival-Community in Verbindung, indem Sie uns auf unseren Social-Media-Plattformen folgen. Beteiligen Sie sich an der Unterhaltung und teilen Sie Ihre Erfahrungen, Tipps und Ideen mit anderen \u00dcberlebensk\u00fcnstlern.<\/p>\n<ul>\n<li><strong>Facebook<\/strong>: <a href=\"https:\/\/www.facebook.com\/freesurvival\/\">KOSTENLOSES \u00dcberleben<\/a><\/li>\n<li><strong>Twitter<\/strong>: <a href=\"https:\/\/twitter.com\/freesurvival\">@freesurvival<\/a><\/li>\n<li><strong>Instagram<\/strong>: <a href=\"https:\/\/www.instagram.com\/freesurvival\/\">@freesurvival<\/a><\/li>\n<\/ul>\n<p>Wir ermutigen Sie, mit uns in Kontakt zu treten und Teil unserer Online-Survival-Community zu werden.<\/p>\n<h3>Melden Sie sich f\u00fcr unseren Newsletter an<\/h3>\n<p>Bleiben Sie auf dem Laufenden mit den neuesten \u00dcberlebenstipps, Anleitungen, <a href=\"https:\/\/freesurvival.davidweb.pro\/de\/vergleichende-uberprufung-von-outdoor-ausrustung-messern-jacken-und-uberlebenswerkzeugen\/\">Ausr\u00fcstungsbewertungen,<\/a> und Neuigkeiten, indem Sie unseren Newsletter abonnieren. Verpassen Sie keine wertvollen Informationen, die Ihnen helfen k\u00f6nnen, besser auf jede Situation vorbereitet zu sein.<\/p>\n<h3>Senden Sie Ihre Fragen und Ihr Feedback<\/h3>\n<p>Wenn Sie spezielle Fragen, Anregungen oder Feedback zu unserer Website, unseren Inhalten oder Dienstleistungen haben, senden Sie uns bitte eine E-Mail. Wir sch\u00e4tzen Ihren Beitrag und sind bestrebt, die bestm\u00f6gliche Benutzererfahrung zu bieten.<\/p>\n<p>Vielen Dank, dass Sie sich f\u00fcr FREE Survival als Ihre ultimative Online-Ressource f\u00fcr Wissen und F\u00e4higkeiten von \u00dcberlebensk\u00fcnstlern entschieden haben. Wir freuen uns darauf, Sie zu unterst\u00fctzen und Teil Ihrer \u00dcberlebensreise zu sein!<\/p>\n<h3>Navigating the Wild: Ihr \u00dcberlebensratgeber f\u00fcr den Erfolg in jeder Krise<\/h3>\n<p>In einer sich st\u00e4ndig ver\u00e4ndernden Welt voller Unsicherheiten ist es nicht nur ein Luxus, auf jede Krise vorbereitet zu sein. es ist eine Notwendigkeit. Egal, ob Sie ein erfahrener \u00dcberlebensk\u00fcnstler sind oder jemand, der in die Welt der Wildnisvorbereitung eintauchen m\u00f6chte, FREE Survival ist Ihr ultimativer Leitfaden, um die Kunst des Gedeihens in der Wildnis zu meistern. Wir glauben, dass es bei der Umarmung der Wildnis nicht darum geht, sie zu f\u00fcrchten, sondern sie zu verstehen, zu respektieren und letztendlich zu erobern. Willkommen bei FREE Survival, Ihrem umfassenden \u00dcberlebensbegleiter.<\/p>\n<h3>Die Grundlagen des \u00dcberlebens<\/h3>\n<p>Bei FREE Survival sind wir uns dar\u00fcber im Klaren, dass es beim \u00dcberleben nicht nur darum geht, Vorr\u00e4te anzuh\u00e4ufen; Es geht darum, grundlegende F\u00e4higkeiten zu erwerben, die im Angesicht von Widrigkeiten den entscheidenden Unterschied machen k\u00f6nnen. Unsere Guides decken ein breites Spektrum an \u00dcberlebensf\u00e4higkeiten ab, von den Grundlagen des Feuermachens und der Suche nach sauberem Wasser bis hin zu fortgeschrittenen Techniken wie dem Bau eines Schutzraums in der Wildnis. Wir glauben, dass Wissen in einer Krise Ihr wertvollstes Gut ist, und wir sind hier, um sicherzustellen, dass Sie damit gut ger\u00fcstet sind.<\/p>\n<h3>Bereiten Sie sich auf den Erfolg vor<\/h3>\n<p>\u00dcberlebensausr\u00fcstung kann den Unterschied zwischen einer angenehmen Nacht in der Wildnis und einem anstrengenden, unangenehmen Erlebnis ausmachen. Wir wissen, wie wichtig es ist, \u00fcber die richtigen Werkzeuge zu verf\u00fcgen. Unsere ausf\u00fchrlichen Ausr\u00fcstungsbewertungen und -empfehlungen helfen Ihnen, fundierte Entscheidungen bei der Auswahl der besten \u00dcberlebensausr\u00fcstung zu treffen, sei es ein robustes Messer, ein zuverl\u00e4ssiger Wasserfilter oder ein robuster Rucksack. Wir testen und pr\u00fcfen die Ausr\u00fcstung, sodass Sie nicht raten m\u00fcssen, was in einer Krise am besten funktioniert.<\/p>\n<h3>Entfesseln Sie Ihren inneren \u00dcberlebensk\u00fcnstler<\/h3>\n<p>Survivalismus ist nicht nur ein Hobby; Es ist eine Denkweise. Es geht darum, ein ausgepr\u00e4gtes Bewusstsein und Anpassungsf\u00e4higkeit zu entwickeln, Eigenschaften, die nicht nur in der Wildnis, sondern auch im Alltag n\u00fctzlich sind. FREE Survival soll Ihnen dabei helfen, Ihren inneren \u00dcberlebensk\u00fcnstler zu erschlie\u00dfen, indem es Einblicke in die Psychologie des \u00dcberlebens bietet. Erfahren Sie, wie Sie unter Druck ruhig bleiben, schnelle Entscheidungen treffen und sich an ver\u00e4nderte Umst\u00e4nde anpassen. Diese F\u00e4higkeiten sind nicht nur in der Wildnis n\u00fctzlich; Es sind Lebenskompetenzen, die Sie in jeder Situation st\u00e4rken k\u00f6nnen.<\/p>\n<h3>Bereitschaft f\u00fcr alle<\/h3>\n<p>Wir bei FREE Survival glauben, dass die Vorbereitung f\u00fcr jeden zug\u00e4nglich sein sollte, unabh\u00e4ngig von seinem Hintergrund oder seiner Erfahrung. Unsere Guides richten sich sowohl an Anf\u00e4nger als auch an erfahrene \u00dcberlebensk\u00fcnstler und bieten eine schrittweise Weiterentwicklung von Wissen und F\u00e4higkeiten. Egal, ob Sie ein Stadtbewohner sind, der seine F\u00e4higkeiten zum \u00dcberleben in der Stadt entwickeln m\u00f6chte, oder ein Outdoor-Enthusiast, der sich auf ein Abenteuer im Hinterland vorbereitet, unsere Ressourcen sind auf Ihre Bed\u00fcrfnisse zugeschnitten.<\/p>\n<h3>Gedeihen, nicht nur \u00fcberleben<\/h3>\n<p>In einer Krise zu \u00fcberleben ist eine Sache, aber erfolgreich zu sein ist eine andere. Unsere Guides gehen \u00fcber die Grundlagen des \u00dcberlebens hinaus und helfen Ihnen, herausfordernde Situationen nicht nur zu \u00fcberstehen, sondern auch zu gedeihen. Erfahren Sie, wie Sie ohne GPS nach Nahrung suchen, Wildtiere verfolgen und navigieren. Entdecken Sie die Befriedigung der Selbstversorgung, w\u00e4hrend Sie die Kunst des Kochens und Bastelns in der Wildnis beherrschen. FREE Survival ist Ihr Reisepass in eine Welt, in der Widrigkeiten zu einer Chance f\u00fcr Wachstum werden.<\/p>\n<h3>Treten Sie der KOSTENLOSEN Survival-Community bei<\/h3>\n<p>Survivalismus ist eine Reise, die man am besten mit anderen unternimmt, die Ihre Leidenschaft teilen. FREE Survival bietet eine lebendige Community, in der Sie mit anderen \u00dcberlebensk\u00fcnstlern in Kontakt treten, Erfahrungen austauschen und Rat einholen k\u00f6nnen. Beteiligen Sie sich an Diskussionen, nehmen Sie an Herausforderungen teil und bauen Sie Beziehungen zu Gleichgesinnten auf, die wissen, wie wichtig es ist, vorbereitet zu sein.<\/p>\n<p>In einer Welt voller Unsicherheiten ist FREE Survival Ihr unersch\u00fctterlicher Begleiter auf dem Weg zu Eigenst\u00e4ndigkeit und Vorbereitung. Umfassen Sie die Wildnis mit Zuversicht, bewaffnet mit Wissen, F\u00e4higkeiten und der richtigen Ausr\u00fcstung. In jeder Krise erfolgreich zu sein, ist nicht nur eine M\u00f6glichkeit; Es ist eine Lebensweise, die Sie mit der Anleitung und Unterst\u00fctzung von FREE Survival erreichen k\u00f6nnen. Entfesseln Sie noch heute Ihren inneren \u00dcberlebensk\u00fcnstler und begeben Sie sich auf eine Reise, die Sie in einen belastbaren, einfallsreichen und selbstbewussten Menschen verwandeln wird, der bereit ist, jede Herausforderung zu meistern, die sich Ihnen stellt.<\/p>","protected":false},"excerpt":{"rendered":"<p>Thank you for visiting FREE Survival! If you have any questions, comments, or need assistance, we are here to help. Please find our contact information below. Feel free to reach out to us with any inquiries, suggestions, or feedback you may have. We value your input and strive to continuously improve our website and resources. [&hellip;]<\/p>","protected":false},"author":1,"featured_media":0,"parent":0,"menu_order":0,"comment_status":"closed","ping_status":"closed","template":"","meta":{"footnotes":""},"class_list":["post-18","page","type-page","status-publish","hentry"],"aioseo_notices":[],"_links":{"self":[{"href":"https:\/\/freesurvival.davidweb.pro\/de\/wp-json\/wp\/v2\/pages\/18","targetHints":{"allow":["GET"]}}],"collection":[{"href":"https:\/\/freesurvival.davidweb.pro\/de\/wp-json\/wp\/v2\/pages"}],"about":[{"href":"https:\/\/freesurvival.davidweb.pro\/de\/wp-json\/wp\/v2\/types\/page"}],"author":[{"embeddable":true,"href":"https:\/\/freesurvival.davidweb.pro\/de\/wp-json\/wp\/v2\/users\/1"}],"replies":[{"embeddable":true,"href":"https:\/\/freesurvival.davidweb.pro\/de\/wp-json\/wp\/v2\/comments?post=18"}],"version-history":[{"count":6,"href":"https:\/\/freesurvival.davidweb.pro\/de\/wp-json\/wp\/v2\/pages\/18\/revisions"}],"predecessor-version":[{"id":940,"href":"https:\/\/freesurvival.davidweb.pro\/de\/wp-json\/wp\/v2\/pages\/18\/revisions\/940"}],"wp:attachment":[{"href":"https:\/\/freesurvival.davidweb.pro\/de\/wp-json\/wp\/v2\/media?parent=18"}],"curies":[{"name":"wp","href":"https:\/\/api.w.org\/{rel}","templated":true}]}}